{"id":8723,"date":"2023-06-27T12:42:16","date_gmt":"2023-06-27T10:42:16","guid":{"rendered":"http:\/\/www.handball-normandie.fr\/?page_id=8723"},"modified":"2023-07-06T16:30:34","modified_gmt":"2023-07-06T14:30:34","slug":"armadhand-2023","status":"publish","type":"page","link":"https:\/\/www.handball-normandie.fr\/index.php\/armadhand-2023\/","title":{"rendered":"ARMAD&rsquo;HAND 2023"},"content":{"rendered":"<p>[et_pb_section fb_built=\u00a0\u00bb1&Prime; _builder_version=\u00a0\u00bb4.21.0&Prime; _module_preset=\u00a0\u00bbdefault\u00a0\u00bb global_colors_info=\u00a0\u00bb{}\u00a0\u00bb][et_pb_row _builder_version=\u00a0\u00bb4.21.0&Prime; _module_preset=\u00a0\u00bbdefault\u00a0\u00bb global_colors_info=\u00a0\u00bb{}\u00a0\u00bb][et_pb_column type=\u00a0\u00bb4_4&Prime; _builder_version=\u00a0\u00bb4.21.0&Prime; _module_preset=\u00a0\u00bbdefault\u00a0\u00bb global_colors_info=\u00a0\u00bb{}\u00a0\u00bb][et_pb_image src=\u00a0\u00bbhttps:\/\/www.handball-normandie.fr\/wp-content\/uploads\/2023\/06\/Affiche-derniere-version.png\u00a0\u00bb title_text=\u00a0\u00bbAffiche dernie\u0300re version\u00a0\u00bb _builder_version=\u00a0\u00bb4.21.0&Prime; _module_preset=\u00a0\u00bbdefault\u00a0\u00bb width=\u00a0\u00bb24%\u00a0\u00bb module_alignment=\u00a0\u00bbcenter\u00a0\u00bb custom_margin=\u00a0\u00bb10px||10px||true|false\u00a0\u00bb global_colors_info=\u00a0\u00bb{}\u00a0\u00bb][\/et_pb_image][\/et_pb_column][\/et_pb_row][et_pb_row _builder_version=\u00a0\u00bb4.21.0&Prime; _module_preset=\u00a0\u00bbdefault\u00a0\u00bb width=\u00a0\u00bb84.8%\u00a0\u00bb global_colors_info=\u00a0\u00bb{}\u00a0\u00bb][et_pb_column type=\u00a0\u00bb4_4&Prime; _builder_version=\u00a0\u00bb4.21.0&Prime; _module_preset=\u00a0\u00bbdefault\u00a0\u00bb global_colors_info=\u00a0\u00bb{}\u00a0\u00bb][et_pb_text _builder_version=\u00a0\u00bb4.21.0&Prime; _module_preset=\u00a0\u00bbdefault\u00a0\u00bb custom_margin=\u00a0\u00bb10px||10px||true|false\u00a0\u00bb global_colors_info=\u00a0\u00bb{}\u00a0\u00bb]<\/p>\n<div class=\"xdj266r x11i5rnm xat24cr x1mh8g0r x1vvkbs x126k92a\">\n<h4 dir=\"auto\" style=\"text-align: justify;\">L\u2019Armad\u2019Hand F\u00e9minin 2023 a le vent en poupe !<\/h4>\n<\/div>\n<div class=\"x11i5rnm xat24cr x1mh8g0r x1vvkbs xtlvy1s x126k92a\" style=\"text-align: justify;\">\n<div dir=\"auto\">\n<p>C\u2019est toutes voiles dehors que le P\u00f4le F\u00e9minisation de la Commission Territoriale d\u2019Arbitrage de la Ligue de Normandie a embarqu\u00e9 ses ressources arbitrales f\u00e9minines (jeunes arbitres, arbitres, animateurs d\u2019\u00e9cole d\u2019arbitrage, officiels de table, accompagnateurs, \u2026), ce samedi 17 juin 2023, \u00e0 l\u2019abordage de l\u2019arbitrage.<\/p>\n<\/div>\n<\/div>\n<div class=\"x11i5rnm xat24cr x1mh8g0r x1vvkbs xtlvy1s x126k92a\" style=\"text-align: justify;\">\n<div dir=\"auto\">Avec l\u2019Armada de Rouen, comme figure de proue de cette journ\u00e9e particuli\u00e8re, il \u00e9tait bien question de larguer les <span><a tabindex=\"-1\"><\/a><\/span>amarres et faire route vers notre premi\u00e8re Armad\u2019Hand F\u00e9minin.<\/div>\n<div dir=\"auto\"><\/div>\n<\/div>\n<div class=\"x11i5rnm xat24cr x1mh8g0r x1vvkbs xtlvy1s x126k92a\" style=\"text-align: justify;\">\n<div dir=\"auto\">A la barre de cet \u00e9v\u00e8nement, Yannick PETIT, Pr\u00e9sident de la CTA, Priscillia LIEGEARD, r\u00e9f\u00e9rente du P\u00f4le F\u00e9minisation et son \u00e9quipe ainsi qu\u2019Herv\u00e9 RIGAL, charg\u00e9 de mission arbitrage. Mais \u00e9galement Nicolas MARAIS, Pr\u00e9sident de la Ligue.<\/div>\n<div dir=\"auto\"><\/div>\n<\/div>\n<div class=\"x11i5rnm xat24cr x1mh8g0r x1vvkbs xtlvy1s x126k92a\" style=\"text-align: justify;\">\n<div dir=\"auto\">Dans le sillage de ses autres projets, la CTA voulait que cette journ\u00e9e de promotion de la f\u00e9minisation de l\u2019arbitrage sur les terres normandes soit inoubliable.<\/div>\n<div dir=\"auto\"><\/div>\n<\/div>\n<div class=\"x11i5rnm xat24cr x1mh8g0r x1vvkbs xtlvy1s x126k92a\" style=\"text-align: justify;\">\n<div dir=\"auto\">Et quoi de plus facile quand nos invit\u00e9es prestiges ne sont autres que le fleuron de l\u2019arbitrage normands, fran\u00e7ais et m\u00eame international. Comment ne pas avoir des \u00e9toiles dans les yeux quand on est jeunes-arbitres, arbitres, et qu\u2019on discute, qu\u2019on mange, qu\u2019on rigole et qu\u2019on passe une journ\u00e9e conviviale avec Karine PLOUHINEC, arbitre \u00e9lite issue de la formation du Comit\u00e9 de l\u2019Eure et de la CTA de Normandie et Julie BONAVENTURA, arbitre \u00e9lite et internationale, au palmar\u00e8s que l\u2019on connait.<\/div>\n<div dir=\"auto\">Je crois que nous pouvons dire qu\u2019il ne s\u2019agissait nullement de jeunes mousses de l\u2019arbitrage !<\/div>\n<div dir=\"auto\"><\/div>\n<\/div>\n<div class=\"x11i5rnm xat24cr x1mh8g0r x1vvkbs xtlvy1s x126k92a\" style=\"text-align: justify;\">\n<div dir=\"auto\">Dans une ambiance presque intimiste et \u00e0 la fois pleine de bonne humeur, pendant plus de deux heures, telles de grandes s\u0153urs arbitres, Karine et Julie ont r\u00e9pondu \u00e0 toutes les questions pos\u00e9es, sans tabou, avec la gentillesse et la sinc\u00e9rit\u00e9 qui les caract\u00e9risent. Tout le monde avait jet\u00e9 l\u2019ancre dans cet amphith\u00e9\u00e2tre pour que ces \u00e9changes ne finissent jamais.<\/div>\n<div dir=\"auto\"><\/div>\n<\/div>\n<div class=\"x11i5rnm xat24cr x1mh8g0r x1vvkbs xtlvy1s x126k92a\" style=\"text-align: justify;\">\n<div dir=\"auto\">Jamila BOULHIMSSE et No\u00e9mie VALOT, repr\u00e9sentantes du P\u00f4le F\u00e9minisation de la Commission Nationale d\u2019Arbitrage, \u00e9taient \u00e9galement pr\u00e9sentes sur cette op\u00e9ration afin de pr\u00e9senter les perspectives de ce p\u00f4le, ses objectifs ainsi que ses projets comme celui sur la conduite \u00e0 tenir en cas d\u2019\u00e9v\u00e8nement ind\u00e9sirable et celui sur la grossesse et la maternit\u00e9.<\/div>\n<div dir=\"auto\"><\/div>\n<\/div>\n<div class=\"x11i5rnm xat24cr x1mh8g0r x1vvkbs xtlvy1s x126k92a\" style=\"text-align: justify;\">\n<div dir=\"auto\">Apr\u00e8s le repas partag\u00e9 ensemble, la s\u00e9ance de photos et d\u00e9dicaces, v\u00eatus du tee-shirt sp\u00e9cialement cr\u00e9\u00e9 pour cet \u00e9v\u00e8nement, cap vers les quais de Seine \u00e0 Rouen et son Armada pour une promenade comment\u00e9e en bateau au milieu des voiliers et autres navires d\u2019exceptions.<\/div>\n<\/div>\n<div class=\"x11i5rnm xat24cr x1mh8g0r x1vvkbs xtlvy1s x126k92a\" style=\"text-align: justify;\">\n<div dir=\"auto\">Un immense merci \u00e0 Julie et Karine nos invit\u00e9es prestiges pour leur pr\u00e9sence et leur enthousiasme sur cet Armad\u2019Hand au couleur de la f\u00e9minisation.<\/div>\n<div dir=\"auto\">Un grand merci aussi aux membres de la CNA, pour le soutien et la d\u00e9monstration d\u2019un travail collectif avec la CTA.<\/div>\n<div dir=\"auto\"><\/div>\n<div dir=\"auto\">Un grand merci \u00e9galement \u00e0 St\u00e9phanie DERACHE qui n\u2019a pu malheureusement se d\u00e9placer, mais a transmis, depuis Toulouse, une vid\u00e9o pleine de chaleur, d\u2019encouragements et de f\u00e9licitations \u00e0 ce projet ainsi qu\u2019\u00e0 toutes les personnes pr\u00e9sentes.<\/div>\n<div dir=\"auto\"><\/div>\n<div dir=\"auto\">Un grand merci aux personnalit\u00e9s et b\u00e9n\u00e9voles qui ont particip\u00e9 \u00e0 l\u2019organisation et \u00e0 la r\u00e9ussite de cet \u00e9v\u00e8nement.<\/div>\n<div dir=\"auto\">Un grand merci \u00e0 Herv\u00e9 pour la brillante animation de cette journ\u00e9e. Une brillante prestation d\u2019animation qui a contribu\u00e9 \u00e0 la joyeuse humeur de cette conf\u00e9rence.<\/div>\n<div dir=\"auto\">Une bonne continuation \u00e0 celles et ceux qui font avancer l\u2019arbitrage en Normandie et ailleurs.<\/div>\n<div dir=\"auto\"><\/div>\n<\/div>\n<div class=\"x11i5rnm xat24cr x1mh8g0r x1vvkbs xtlvy1s x126k92a\">\n<div dir=\"auto\" style=\"text-align: justify;\">Bon vent \u00e0 toutes et tous !<\/div>\n<\/div>\n<p>[\/et_pb_text][\/et_pb_column][\/et_pb_row][et_pb_row _builder_version=\u00a0\u00bb4.21.0&Prime; _module_preset=\u00a0\u00bbdefault\u00a0\u00bb global_colors_info=\u00a0\u00bb{}\u00a0\u00bb][et_pb_column type=\u00a0\u00bb4_4&Prime; _builder_version=\u00a0\u00bb4.21.0&Prime; _module_preset=\u00a0\u00bbdefault\u00a0\u00bb global_colors_info=\u00a0\u00bb{}\u00a0\u00bb][et_pb_gallery gallery_ids=\u00a0\u00bb8726,8727,8728,8729,8730,8731,8734,8735,8738,8739,8740,8741,8742,8743,8744,8745,8746,8747,8748,8749,8751,8752,8753,8754,8755,8756,8757,8758,8759,8760,8761,8762,8763,8764,8765,8766,8767,8768,8769,8776,8779,8783,8784,8787,8788,8791,8792,8793,8795,8796,8797,8798&Prime; posts_number=\u00a0\u00bb100&Prime; show_title_and_caption=\u00a0\u00bboff\u00a0\u00bb _builder_version=\u00a0\u00bb4.21.0&Prime; _module_preset=\u00a0\u00bbdefault\u00a0\u00bb hover_enabled=\u00a0\u00bb0&Prime; global_colors_info=\u00a0\u00bb{}\u00a0\u00bb sticky_enabled=\u00a0\u00bb0&Prime;][\/et_pb_gallery][\/et_pb_column][\/et_pb_row][\/et_pb_section]<\/p>\n","protected":false},"excerpt":{"rendered":"<p>L\u2019Armad\u2019Hand F\u00e9minin 2023 a le vent en poupe ! C\u2019est toutes voiles dehors que le P\u00f4le F\u00e9minisation de la Commission Territoriale d\u2019Arbitrage de la Ligue de Normandie a embarqu\u00e9 ses ressources arbitrales f\u00e9minines (jeunes arbitres, arbitres, animateurs d\u2019\u00e9cole d\u2019arbitrage, officiels de table, accompagnateurs, \u2026), ce samedi 17 juin 2023, \u00e0 l\u2019abordage de l\u2019arbitrage. Avec l\u2019Armada [&hellip;]<\/p>\n","protected":false},"author":1,"featured_media":0,"parent":0,"menu_order":0,"comment_status":"closed","ping_status":"closed","template":"","meta":{"_bbp_topic_count":0,"_bbp_reply_count":0,"_bbp_total_topic_count":0,"_bbp_total_reply_count":0,"_bbp_voice_count":0,"_bbp_anonymous_reply_count":0,"_bbp_topic_count_hidden":0,"_bbp_reply_count_hidden":0,"_bbp_forum_subforum_count":0,"_et_pb_use_builder":"on","_et_pb_old_content":"","_et_gb_content_width":"","footnotes":""},"class_list":["post-8723","page","type-page","status-publish","hentry"],"_links":{"self":[{"href":"https:\/\/www.handball-normandie.fr\/index.php\/wp-json\/wp\/v2\/pages\/8723","targetHints":{"allow":["GET"]}}],"collection":[{"href":"https:\/\/www.handball-normandie.fr\/index.php\/wp-json\/wp\/v2\/pages"}],"about":[{"href":"https:\/\/www.handball-normandie.fr\/index.php\/wp-json\/wp\/v2\/types\/page"}],"author":[{"embeddable":true,"href":"https:\/\/www.handball-normandie.fr\/index.php\/wp-json\/wp\/v2\/users\/1"}],"replies":[{"embeddable":true,"href":"https:\/\/www.handball-normandie.fr\/index.php\/wp-json\/wp\/v2\/comments?post=8723"}],"version-history":[{"count":7,"href":"https:\/\/www.handball-normandie.fr\/index.php\/wp-json\/wp\/v2\/pages\/8723\/revisions"}],"predecessor-version":[{"id":9122,"href":"https:\/\/www.handball-normandie.fr\/index.php\/wp-json\/wp\/v2\/pages\/8723\/revisions\/9122"}],"wp:attachment":[{"href":"https:\/\/www.handball-normandie.fr\/index.php\/wp-json\/wp\/v2\/media?parent=8723"}],"curies":[{"name":"wp","href":"https:\/\/api.w.org\/{rel}","templated":true}]}}