{"id":8590,"date":"2023-05-05T14:40:50","date_gmt":"2023-05-05T12:40:50","guid":{"rendered":"http:\/\/www.handball-normandie.fr\/?page_id=8590"},"modified":"2026-04-11T18:50:15","modified_gmt":"2026-04-11T16:50:15","slug":"pv-ca-bd-2","status":"publish","type":"page","link":"https:\/\/www.handball-normandie.fr\/index.php\/pv-ca-bd-2\/","title":{"rendered":"PV CA\/BD"},"content":{"rendered":"<p>[et_pb_section fb_built=\u00a0\u00bb1&Prime; _builder_version=\u00a0\u00bb4.27.4&Prime; _module_preset=\u00a0\u00bbdefault\u00a0\u00bb background_image=\u00a0\u00bbhttp:\/\/itfenok.cluster028.hosting.ovh.net\/wp-content\/uploads\/2020\/12\/Logo_Mono_trame.png\u00a0\u00bb custom_margin=\u00a0\u00bb10px||10px||false|false\u00a0\u00bb custom_padding=\u00a0\u00bb10px||10px||false|false\u00a0\u00bb global_colors_info=\u00a0\u00bb{}\u00a0\u00bb][et_pb_row _builder_version=\u00a0\u00bb4.27.4&Prime; _module_preset=\u00a0\u00bbdefault\u00a0\u00bb global_colors_info=\u00a0\u00bb{}\u00a0\u00bb][et_pb_column type=\u00a0\u00bb4_4&Prime; _builder_version=\u00a0\u00bb4.21.0&Prime; _module_preset=\u00a0\u00bbdefault\u00a0\u00bb global_colors_info=\u00a0\u00bb{}\u00a0\u00bb][et_pb_text _builder_version=\u00a0\u00bb4.27.4&Prime; _module_preset=\u00a0\u00bbdefault\u00a0\u00bb text_font=\u00a0\u00bbMontserrat|600||on|||||\u00a0\u00bb text_text_color=\u00a0\u00bb#193D6E\u00a0\u00bb text_font_size=\u00a0\u00bb41px\u00a0\u00bb text_orientation=\u00a0\u00bbcenter\u00a0\u00bb custom_margin=\u00a0\u00bb34px||34px||false|false\u00a0\u00bb global_colors_info=\u00a0\u00bb{}\u00a0\u00bb]<\/p>\n<p>PV CA\/BD<\/p>\n<p>[\/et_pb_text][et_pb_accordion open_toggle_background_color=\u00a0\u00bbRGBA(255,255,255,0)\u00a0\u00bb toggle_icon=\u00a0\u00bb&#x6d;||divi||400&Prime; icon_color=\u00a0\u00bb#193D6E\u00a0\u00bb disabled_on=\u00a0\u00bboff|off|off\u00a0\u00bb _builder_version=\u00a0\u00bb4.27.6&Prime; _module_preset=\u00a0\u00bbdefault\u00a0\u00bb closed_toggle_font=\u00a0\u00bbMontserrat||||||||\u00a0\u00bb body_font=\u00a0\u00bbMontserrat||||||||\u00a0\u00bb text_orientation=\u00a0\u00bbleft\u00a0\u00bb custom_margin=\u00a0\u00bb25px||25px||true|false\u00a0\u00bb hover_enabled=\u00a0\u00bb0&Prime; background_last_edited=\u00a0\u00bboff|desktop\u00a0\u00bb global_colors_info=\u00a0\u00bb{}\u00a0\u00bb sticky_enabled=\u00a0\u00bb0&Prime;][et_pb_accordion_item title=\u00a0\u00bbASSEMBL\u00c9E G\u00c9N\u00c9RALE ORDINAIRE ET ELECTIVE LNHB 2024&Prime; open=\u00a0\u00bbon\u00a0\u00bb open_toggle_text_color=\u00a0\u00bb#E02B20&Prime; closed_toggle_text_color=\u00a0\u00bb#00457A\u00a0\u00bb _builder_version=\u00a0\u00bb4.27.4&Prime; _module_preset=\u00a0\u00bbdefault\u00a0\u00bb global_colors_info=\u00a0\u00bb{}\u00a0\u00bb toggle_text_color=\u00a0\u00bb#000000&Prime; toggle_level=\u00a0\u00bbh4&Prime; toggle_font=\u00a0\u00bb|700|||||||\u00a0\u00bb]<\/p>\n<p><a href=\"https:\/\/www.handball-normandie.fr\/wp-content\/uploads\/2024\/03\/Convocation-Assemblee-generale-ordinaire-et-elective-LNHB.pdf\">Convocation Assembl\u00e9e G\u00e9n\u00e9rale ordinaire et \u00e9lective LNHB<\/a><br \/><a href=\"https:\/\/www.handball-normandie.fr\/wp-content\/uploads\/2024\/03\/NOTICE-REGLEMENTAIRE-AG-ELECTIVE-LNHB-Pdf.pdf\">Notice r\u00e8glementaire Assembl\u00e9e G\u00e9n\u00e9rale \u00e9lective LNHB<\/a><br \/><a href=\"https:\/\/www.handball-normandie.fr\/wp-content\/uploads\/2024\/03\/CANDIDATURE-CONSEIL-DADMINISTRATION-LNHB.doc\">Candidature Conseil d&rsquo;Administration LNHB<\/a><br \/><a href=\"https:\/\/www.handball-normandie.fr\/wp-content\/uploads\/2024\/03\/CANDIDATURE-CONSEIL-DADMINISTRATION-LNHB-COLLEGES-DEPARTEMENTAUX.doc\">Candidature Conseil d&rsquo;Administration LNHB &#8211; Coll\u00e8ges D\u00e9partementaux\u00a0<\/a><br \/><a href=\"https:\/\/www.handball-normandie.fr\/wp-content\/uploads\/2024\/03\/CANDIDATURE-CONSEIL-DADMINISTRATION-LNHB-COLLEGES-CLUBS-NATIONAUX.doc\">Candidature Conseil d&rsquo;Administration LNHB &#8211; Coll\u00e8ges Clubs Nationaux<\/a><br \/><a href=\"https:\/\/www.handball-normandie.fr\/wp-content\/uploads\/2024\/03\/PV-AG-LIGUE-NORMANDIE-HANDBALL-3-JUIN-2023-Definitif.pdf\">PV Assembl\u00e9e G\u00e9n\u00e9rale 03 juin 2023<\/a><\/p>\n<p><a href=\"https:\/\/www.handball-normandie.fr\/wp-content\/uploads\/2024\/06\/Bilans-des-Commissions-AG-2024_compressed.pdf\">Bilans des Commissions <\/a><br \/><a href=\"https:\/\/www.handball-normandie.fr\/wp-content\/uploads\/2024\/06\/Mandat-AG-2024.pdf\"><\/a><a href=\"https:\/\/www.handball-normandie.fr\/wp-content\/uploads\/2024\/06\/Mandat-AG-2024.pdf\">Mandat\u00a0<\/a><br \/><a href=\"https:\/\/www.handball-normandie.fr\/wp-content\/uploads\/2024\/06\/Tresorerie-2023-Previsionnel-2024-AG-2024_compressed-1.pdf\">Tr\u00e9sorerie 2023 &#8211; Pr\u00e9visionnel 2024<\/a><br \/><a href=\"https:\/\/www.handball-normandie.fr\/wp-content\/uploads\/2024\/06\/TARIFS-LNHB-2024-2025-completes.pdf\">Tarifs LNHB 2024-2025 comple\u0301te\u0301s<\/a><br \/><a href=\"https:\/\/www.handball-normandie.fr\/wp-content\/uploads\/2024\/06\/Voeux-et-Projets-AG-2024_compressed.pdf\">Voeux et Projets\u00a0<\/a><\/p>\n<p><a href=\"https:\/\/www.handball-normandie.fr\/wp-content\/uploads\/2024\/06\/Assemblee-Generale-Elective-2024_compressed.pdf\">Assembl\u00e9e G\u00e9n\u00e9rale \u00c9lective 2024<\/a><\/p>\n<p>[\/et_pb_accordion_item][et_pb_accordion_item title=\u00a0\u00bbPV BUREAU DIRECTEUR \u00a0\u00bb open_toggle_text_color=\u00a0\u00bb#E02B20&Prime; closed_toggle_text_color=\u00a0\u00bb#00457A\u00a0\u00bb toggle_icon=\u00a0\u00bb&#x50;||divi||400&Prime; _builder_version=\u00a0\u00bb4.27.6&Prime; _module_preset=\u00a0\u00bbdefault\u00a0\u00bb global_colors_info=\u00a0\u00bb{}\u00a0\u00bb toggle_level=\u00a0\u00bbh4&Prime; toggle_font=\u00a0\u00bb|700|||||||\u00a0\u00bb open=\u00a0\u00bboff\u00a0\u00bb]<\/p>\n<p><a href=\"https:\/\/www.handball-normandie.fr\/wp-content\/uploads\/2026\/03\/06-CR-du-BD-17-mars-2026.pdf\" target=\"_blank\" rel=\"noopener\">PV Bureau Directeur du 17 mars 2026<\/a><br \/><a href=\"https:\/\/www.handball-normandie.fr\/wp-content\/uploads\/2026\/01\/05-CR-du-BD-20-janvier-2026.pdf\" target=\"_blank\" rel=\"noopener\">PV Bureau Directeur du 20 janvier 2026<\/a><br \/><a href=\"https:\/\/www.handball-normandie.fr\/wp-content\/uploads\/2025\/12\/04-CR-du-BD-02-decembre-2025.pdf\" target=\"_blank\" rel=\"noopener\">PV Bureau Directeur du 2 d\u00e9cembre 2025<\/a><br \/><a href=\"https:\/\/www.handball-normandie.fr\/wp-content\/uploads\/2025\/11\/CR-du-BD-04-novembre-2025.pdf\" target=\"_blank\" rel=\"noopener\">PV Bureau Directeur du 4 novembre 2025<\/a><br \/><a href=\"https:\/\/www.handball-normandie.fr\/wp-content\/uploads\/2025\/09\/01-CR-du-BD-09-septembre-2025.pdf\" target=\"_blank\" rel=\"noopener\">PV Bureau Directeur du 9 septembre 2025<\/a><br \/><a href=\"https:\/\/www.handball-normandie.fr\/wp-content\/uploads\/2025\/06\/PV-BUREAU-DIRECTEUR-LNHB-06-JUIN-2025.pdf\" target=\"_blank\" rel=\"noopener\">PV Bureau Directeur du 6 juin 2025<\/a><br \/><a href=\"https:\/\/www.handball-normandie.fr\/wp-content\/uploads\/2025\/05\/Courrier-Ligue-Normandie-Avril-22-2025-1.pdf\">PV Bureau Directeur du 22 avril 2025<\/a><br \/><a href=\"https:\/\/www.handball-normandie.fr\/wp-content\/uploads\/2025\/02\/04-CR-du-BD-21-janvier-2025.pdf\" target=\"_blank\" rel=\"noopener\">PV Bureau Directeur du 21 janvier 2025<\/a><br \/><a href=\"https:\/\/www.handball-normandie.fr\/wp-content\/uploads\/2024\/12\/03-CR-du-BD-10-decembre-2024.pdf\" target=\"_blank\" rel=\"noopener\">PV Bureau Directeur du 10 d\u00e9cembre 2024<\/a><br \/><a href=\"https:\/\/www.handball-normandie.fr\/wp-content\/uploads\/2024\/12\/02-CR-du-BD-12-novembre-2024.pdf\" target=\"_blank\" rel=\"noopener\">PV Bureau Directeur du 12 novembre 2024<\/a><br \/><a href=\"https:\/\/www.handball-normandie.fr\/wp-content\/uploads\/2024\/11\/01-CR-du-BD-10-septembre-2024.pdf\" target=\"_blank\" rel=\"noopener\">PV Bureau Directeur 10 septembre 2024<\/a><br \/><a href=\"https:\/\/www.handball-normandie.fr\/wp-content\/uploads\/2024\/06\/PROCES-BERBAL-REUNIO-BUREAU-DIRECTEUR-LNHB-12-JUIN-2024.pdf\">PV Bureau Directeur 12 Juin 2024<\/a><br \/><a href=\"https:\/\/www.handball-normandie.fr\/wp-content\/uploads\/2024\/05\/1-04-PV-du-BD-LNHB-02.04.2024.pdf\">PV Bureau Directeur 02 Avril 2024<\/a><br \/><a href=\"https:\/\/www.handball-normandie.fr\/wp-content\/uploads\/2024\/02\/1-03-PV-du-BD-LNHB-30.01.2024.pdf\">PV Bureau Directeur 30 Janvier 2024<\/a><br \/><a href=\"https:\/\/www.handball-normandie.fr\/wp-content\/uploads\/2023\/11\/PV-du-BD-du-07-novembre-2023.pdf\">PV Bureau Directeur 07 Novembre 2023<\/a><br \/><a href=\"https:\/\/www.handball-normandie.fr\/wp-content\/uploads\/2023\/09\/PV-du-BD-LNHB-190923.pdf\">PV Bureau Directeur 19 Septembre 2023<\/a><br \/><a href=\"https:\/\/www.handball-normandie.fr\/wp-content\/uploads\/2023\/08\/PROCES-VERBAL-BUREAU-DIRECTEUR-LNHB-5-JUILLET-2023.pdf\">PV Bureau Directeur 05 Juillet 2023<\/a><br \/><a href=\"https:\/\/www.handball-normandie.fr\/wp-content\/uploads\/2023\/08\/PV-BD-13-06-2023.pdf\">PV Bureau Directeur 13 Juin 2023<\/a><br \/><a href=\"https:\/\/www.handball-normandie.fr\/wp-content\/uploads\/2023\/08\/PV-BD-MARDI-6-JUIN-2023.pdf\">PV Bureau Directeur 06 Juin 2023<\/a><br \/><a href=\"https:\/\/www.handball-normandie.fr\/wp-content\/uploads\/2023\/08\/PV-BUREAU-DIRECTEUR-LNHB-MARDI-16-MAI-2023.pdf\">PV Bureau Directeur 16 Mai 2023<\/a><br \/><a href=\"https:\/\/www.handball-normandie.fr\/wp-content\/uploads\/2023\/08\/PV-BUREAU-DIRECTEUR-21-04-23.pdf\">PV Bureau Directeur 21 Avril 2023<\/a><br \/><a href=\"https:\/\/www.handball-normandie.fr\/wp-content\/uploads\/2023\/03\/PV-BUREAU-DIRECTEUR-LNHB-21-03-23.pdf\">PV Bureau Directeur 21 Mars 2023<\/a><br \/><a href=\"https:\/\/www.handball-normandie.fr\/wp-content\/uploads\/2022\/12\/PV-BUREAU-DIRECTEUR-22-11-22.pdf\">PV Bureau Directeur 22 Novembre 2022<\/a><br \/><a href=\"https:\/\/www.handball-normandie.fr\/wp-content\/uploads\/2022\/12\/PV-BUREAU-DIRECTEUR-09-11-22.pdf\">PV Bureau Directeur 9 Novembre 2022<\/a><br \/><a href=\"https:\/\/www.handball-normandie.fr\/wp-content\/uploads\/2023\/02\/PV-BUREAU-DIRECTEUR-LNHB-11-10-22.pdf\">PV Bureau Directeur 11 Octobre 2022<\/a><br \/><a href=\"https:\/\/www.handball-normandie.fr\/wp-content\/uploads\/2022\/09\/PV-COMITE-DIRECTEUR-01.09.2022.pdf\">PV Comit\u00e9 Directeur 01 Septembre 2022<\/a><br \/><a href=\"https:\/\/www.handball-normandie.fr\/wp-content\/uploads\/2022\/07\/PV-BUREAU-DIRECTEUR-LNHB-29-JUIN-2022.pdf\">PV Bureau Directeur 29 Juin 2022<\/a><br \/><a href=\"https:\/\/www.handball-normandie.fr\/wp-content\/uploads\/2022\/04\/PV-BD-MERCREDI-23-MARS-202216.pdf\">PV Bureau Directeur 23 Mars 2022<\/a><br \/><a href=\"https:\/\/www.handball-normandie.fr\/wp-content\/uploads\/2022\/02\/PV-BUREAU-DIRECTEUR-11-OCTOBRE-202168.pdf\">PV Bureau Directeur 11 Octobre 2021<\/a><br \/><a href=\"https:\/\/www.handball-normandie.fr\/wp-content\/uploads\/2022\/02\/PV-BUREAU-DIRECTEUR-JEUDI-09.09.202161.pdf\">PV Bureau Directeur 09 Septembre 2021<\/a><br \/><a href=\"https:\/\/www.handball-normandie.fr\/wp-content\/uploads\/2022\/02\/PV-BUREAU-DIRECTEUR-24-JUIN-2021-CONVENTIONS-NATIONALES78.pdf\">PV Bureau Directeur 24 Juin 2021<\/a><br \/><a href=\"https:\/\/www.handball-normandie.fr\/wp-content\/uploads\/2022\/02\/PV-BUREAU-DIRECTEUR-MERCREDI-12-MAI-202178.pdf\">PV Bureau Directeur 12 Mai 2021<\/a><br \/><a href=\"https:\/\/www.handball-normandie.fr\/wp-content\/uploads\/2022\/02\/PV-BUREAU-DIRECTEUR-ELARGI-VENDREDI-22-JANVIER-202184.pdf\">PV Bureau Directeur \u00e9largi 22 Janvier 2021<\/a><br \/><a href=\"https:\/\/www.handball-normandie.fr\/wp-content\/uploads\/2020\/12\/PV_BUREAU_DIRECTEUR_1er_Juillet_2020.pdf\">PV Bureau Directeur 1er Juillet 2020<\/a><br \/><a href=\"https:\/\/www.handball-normandie.fr\/wp-content\/uploads\/2020\/12\/PV_BUREAU_DIRECTEUR_25_Mars_2020.pdf\">PV Bureau Directeur 25 Mars 2020<\/a><br \/><a href=\"https:\/\/www.handball-normandie.fr\/wp-content\/uploads\/2020\/12\/PV_BUREAU_DIRECTEUR_12_Mars_2020.pdf\">PV Bureau Directeur 12 Mars 2020<\/a><\/p>\n<p>[\/et_pb_accordion_item][et_pb_accordion_item title=\u00a0\u00bbPV CONSEIL ADMINISTRATION \u00a0\u00bb open_toggle_text_color=\u00a0\u00bb#E02B20&Prime; closed_toggle_text_color=\u00a0\u00bb#00457A\u00a0\u00bb _builder_version=\u00a0\u00bb4.27.6&Prime; _module_preset=\u00a0\u00bbdefault\u00a0\u00bb hover_enabled=\u00a0\u00bb0&Prime; global_colors_info=\u00a0\u00bb{}\u00a0\u00bb toggle_level=\u00a0\u00bbh4&Prime; toggle_font=\u00a0\u00bb|700|||||||\u00a0\u00bb open=\u00a0\u00bboff\u00a0\u00bb sticky_enabled=\u00a0\u00bb0&Prime;]<\/p>\n<p><a href=\"https:\/\/www.handball-normandie.fr\/wp-content\/uploads\/2026\/04\/PV-CONSEIL-DADMINISTRATION-LNHB-Mardi-24-mars-2026.pdf\" target=\"_blank\" rel=\"noopener\">PV Conseil d&rsquo;Administration du 24 mars 2026<\/a><br \/><a href=\"https:\/\/www.handball-normandie.fr\/wp-content\/uploads\/2025\/11\/PV-CONSEIL-DADMINISTRATION-LNHB-Samedi-11-octobre-2025.pdf\" target=\"_blank\" rel=\"noopener\">PV Conseil d&rsquo;Administration du 11 octobre 2025<\/a><br \/><a href=\"https:\/\/www.handball-normandie.fr\/wp-content\/uploads\/2025\/06\/PROCES-VERBAL-CONSEIL-DADMINISTRATION-LNHB-MARDI-29-AVRIL-2025.pdf\" target=\"_blank\" rel=\"noopener\">PV Conseil d&rsquo;Administration 29 avril 2025<\/a><br \/><a href=\"https:\/\/www.handball-normandie.fr\/wp-content\/uploads\/2025\/03\/PROCES-VERBAL-CONSEIL-DADMINISTRATION-LNHB-MARDI-18-MARS-2025.pdf\" target=\"_blank\" rel=\"noopener\">PV Conseil d&rsquo;Administration 18 mars 2025<\/a><br \/><a href=\"https:\/\/www.handball-normandie.fr\/wp-content\/uploads\/2024\/11\/PROCES-VERBAL-CONSEIL-DADMINISTRATION-LNHB-SAMEDI-12-octobre-2024.pdf\" target=\"_blank\" rel=\"noopener\">PV Conseil d&rsquo;Administration 12 octobre 2024<\/a><br \/><a href=\"https:\/\/www.handball-normandie.fr\/wp-content\/uploads\/2025\/01\/PROCES-VERBAL-CONSEIL-DADMINISTRATION-LNHB-MARDI-2-JUILLET-2024.pdf\" target=\"_blank\" rel=\"noopener\">PV Conseil d&rsquo;administration du 2 juillet 2024<\/a><br \/><a href=\"https:\/\/www.handball-normandie.fr\/wp-content\/uploads\/2024\/12\/PROCES-VERBAL-CONSEIL-DADMINISTRATION-LNHB-SAMEDI-22-JUIN-2024.pdf\" target=\"_blank\" rel=\"noopener\">PV Conseil d&rsquo;Administration du 22 juin 2024<\/a><br \/><a href=\"https:\/\/www.handball-normandie.fr\/wp-content\/uploads\/2024\/06\/3-05-PV-CA-LNHB-14.05.2024-v2.pdf\">PV Conseil d&rsquo;Administration 14 Mai 2024<\/a><br \/><a href=\"https:\/\/www.handball-normandie.fr\/wp-content\/uploads\/2024\/05\/3-04-PV-CA-LNHB-09.04.2024.pdf\">PV Conseil d&rsquo;Administration 09 Avril 2024<\/a><br \/><a href=\"https:\/\/www.handball-normandie.fr\/wp-content\/uploads\/2024\/03\/3-03-PV-CA-LNHB-20.02.2024.pdf\">PV Conseil d&rsquo;Administration 20 F\u00e9vrier 2024<br \/><\/a><a href=\"https:\/\/www.handball-normandie.fr\/wp-content\/uploads\/2024\/01\/3-02-PV-CA-LNHB-02.12.2023.pdf\">PV Conseil d&rsquo;Administration 02 d\u00e9cembre 2023<\/a><br \/><a href=\"https:\/\/www.handball-normandie.fr\/wp-content\/uploads\/2023\/12\/3-01-PV-CA-LNHB-031023.pdf\">PV Conseil d&rsquo;Administration 03 Octobre 2023<\/a><br \/><a href=\"https:\/\/www.handball-normandie.fr\/wp-content\/uploads\/2023\/09\/PV-du-CA-LNHB-310823.pdf\">PV Conseil d&rsquo;Administration 31 Ao\u00fbt 2023<\/a><br \/><a href=\"https:\/\/www.handball-normandie.fr\/wp-content\/uploads\/2023\/08\/PV-CA-MERCREDI-17-MAI-2023.pdf\">PV Conseil d&rsquo;Administration 17 Mai 2023<\/a><br \/><a href=\"https:\/\/www.handball-normandie.fr\/wp-content\/uploads\/2023\/06\/PV-CA-Mercredi-3-mai-2023.pdf\">PV Conseil d&rsquo;Administration 03 mai 2023<\/a><br \/><a href=\"https:\/\/www.handball-normandie.fr\/wp-content\/uploads\/2023\/02\/PV-CA-3-decembre-2022-documents-annexes.pdf\">PV Conseil d&rsquo;Administration 03 D\u00e9cembre 2022<\/a><br \/><a href=\"https:\/\/www.handball-normandie.fr\/wp-content\/uploads\/2023\/02\/PV-CA-LNHB-LUNDI-26-SEPTEMBRE-2022.pdf\">PV Conseil d&rsquo;Administration 26 Septembre 2022<\/a><br \/><a href=\"https:\/\/www.handball-normandie.fr\/wp-content\/uploads\/2022\/06\/PV-CA-LNHB-LUNDI-9-MAI-2022.pdf\">PV Conseil d&rsquo;Administration 09 Mai 2022<\/a><br \/><a href=\"https:\/\/www.handball-normandie.fr\/wp-content\/uploads\/2022\/05\/PROCES-VERBAL-CA-LNHB-SAMEDI-2-AVRIL-202247.pdf\">PV Conseil d&rsquo;Administration 02 Avril 2022<\/a><br \/><a href=\"https:\/\/www.handball-normandie.fr\/wp-content\/uploads\/2022\/05\/PV-CA-LUNDI-31-JANVIER-2022.pdf\">PV Conseil d&rsquo;Administration 31 Janvier 2022<\/a><br \/><a href=\"https:\/\/www.handball-normandie.fr\/wp-content\/uploads\/2022\/01\/PV-CA-LNHB-LUNDI-22-NOVEMBRE-2021.pdf\">PV Conseil d&rsquo;Administration 22 Novembre 2021<\/a><br \/><a href=\"https:\/\/www.handball-normandie.fr\/wp-content\/uploads\/2022\/02\/PV-CONSEIL-DADMINISTRATION-LNHB-28-04-202153.pdf\">PV Conseil d&rsquo;Administration 28 Avril 2021<\/a><br \/><a href=\"https:\/\/www.handball-normandie.fr\/wp-content\/uploads\/2022\/02\/PV-CONSEIL-DADMINISTRATION-LNHB-24-03-2195.pdf\">PV Conseil d&rsquo;Administration 24 Mars 2021<\/a><br \/><a href=\"https:\/\/www.handball-normandie.fr\/wp-content\/uploads\/2022\/02\/P-V-CONSEIL-DADMINISTRATION-LNHB-18-12-20.pdf\">PV Conseil d&rsquo;Administration 18 D\u00e9cembre 2020<\/a><br \/><a href=\"https:\/\/www.handball-normandie.fr\/wp-content\/uploads\/2020\/12\/PV_CA_6_Novembre_2020.pdf\">PV Conseil d&rsquo;Administration 6 Novembre 2020<\/a><br \/><a href=\"https:\/\/www.handball-normandie.fr\/wp-content\/uploads\/2020\/12\/PV_CA_14_Mai_2020.pdf\">PV Conseil d&rsquo;Administration 14 Mai 2020<\/a><\/p>\n<p>[\/et_pb_accordion_item][et_pb_accordion_item title=\u00a0\u00bbPV ASSEMBL\u00c9E G\u00c9N\u00c9RALE LNHB\u00a0\u00bb open_toggle_text_color=\u00a0\u00bb#E02B20&Prime; closed_toggle_text_color=\u00a0\u00bb#00457A\u00a0\u00bb _builder_version=\u00a0\u00bb4.27.4&Prime; _module_preset=\u00a0\u00bbdefault\u00a0\u00bb body_text_color=\u00a0\u00bb#000000&Prime; text_orientation=\u00a0\u00bbleft\u00a0\u00bb global_colors_info=\u00a0\u00bb{}\u00a0\u00bb toggle_text_color=\u00a0\u00bb#000000&Prime; toggle_level=\u00a0\u00bbh4&Prime; toggle_font=\u00a0\u00bb|700|||||||\u00a0\u00bb open=\u00a0\u00bboff\u00a0\u00bb]<\/p>\n<p><a href=\"https:\/\/www.handball-normandie.fr\/wp-content\/uploads\/2024\/03\/PV-AG-LIGUE-NORMANDIE-HANDBALL-3-JUIN-2023-Definitif.pdf\">PV Assembl\u00e9e G\u00e9n\u00e9rale 3 juin 2023<\/a><br \/><a href=\"https:\/\/www.handball-normandie.fr\/wp-content\/uploads\/2022\/02\/PV-AG-electronique-juin-202120.pdf\">PV Assembl\u00e9e G\u00e9n\u00e9rale\u00a0 Juin 2021<\/a><br \/><a href=\"https:\/\/www.handball-normandie.fr\/wp-content\/uploads\/2020\/12\/PV_Assemblee_Generale_8_juin_2019.pdf\">PV Assembl\u00e9e G\u00e9n\u00e9rale 8 juin 2019<\/a><\/p>\n<p>[\/et_pb_accordion_item][\/et_pb_accordion][\/et_pb_column][\/et_pb_row][\/et_pb_section][et_pb_section fb_built=\u00a0\u00bb1&Prime; _builder_version=\u00a0\u00bb4.27.4&Prime; _module_preset=\u00a0\u00bbdefault\u00a0\u00bb global_colors_info=\u00a0\u00bb{}\u00a0\u00bb][et_pb_row _builder_version=\u00a0\u00bb4.27.4&Prime; _module_preset=\u00a0\u00bbdefault\u00a0\u00bb global_colors_info=\u00a0\u00bb{}\u00a0\u00bb][et_pb_column type=\u00a0\u00bb4_4&Prime; _builder_version=\u00a0\u00bb4.27.4&Prime; _module_preset=\u00a0\u00bbdefault\u00a0\u00bb global_colors_info=\u00a0\u00bb{}\u00a0\u00bb][\/et_pb_column][\/et_pb_row][\/et_pb_section]<\/p>\n","protected":false},"excerpt":{"rendered":"<p>PV CA\/BDConvocation Assembl\u00e9e G\u00e9n\u00e9rale ordinaire et \u00e9lective LNHBNotice r\u00e8glementaire Assembl\u00e9e G\u00e9n\u00e9rale \u00e9lective LNHBCandidature Conseil d&rsquo;Administration LNHBCandidature Conseil d&rsquo;Administration LNHB &#8211; Coll\u00e8ges D\u00e9partementaux\u00a0Candidature Conseil d&rsquo;Administration LNHB &#8211; Coll\u00e8ges Clubs NationauxPV Assembl\u00e9e G\u00e9n\u00e9rale 03 juin 2023 Bilans des Commissions Mandat\u00a0Tr\u00e9sorerie 2023 &#8211; Pr\u00e9visionnel 2024Tarifs LNHB 2024-2025 comple\u0301te\u0301sVoeux et Projets\u00a0 Assembl\u00e9e G\u00e9n\u00e9rale \u00c9lective 2024PV Bureau Directeur du 17 [&hellip;]<\/p>\n","protected":false},"author":1,"featured_media":0,"parent":0,"menu_order":0,"comment_status":"closed","ping_status":"closed","template":"","meta":{"_bbp_topic_count":0,"_bbp_reply_count":0,"_bbp_total_topic_count":0,"_bbp_total_reply_count":0,"_bbp_voice_count":0,"_bbp_anonymous_reply_count":0,"_bbp_topic_count_hidden":0,"_bbp_reply_count_hidden":0,"_bbp_forum_subforum_count":0,"_et_pb_use_builder":"on","_et_pb_old_content":"","_et_gb_content_width":"","footnotes":""},"class_list":["post-8590","page","type-page","status-publish","hentry"],"_links":{"self":[{"href":"https:\/\/www.handball-normandie.fr\/index.php\/wp-json\/wp\/v2\/pages\/8590","targetHints":{"allow":["GET"]}}],"collection":[{"href":"https:\/\/www.handball-normandie.fr\/index.php\/wp-json\/wp\/v2\/pages"}],"about":[{"href":"https:\/\/www.handball-normandie.fr\/index.php\/wp-json\/wp\/v2\/types\/page"}],"author":[{"embeddable":true,"href":"https:\/\/www.handball-normandie.fr\/index.php\/wp-json\/wp\/v2\/users\/1"}],"replies":[{"embeddable":true,"href":"https:\/\/www.handball-normandie.fr\/index.php\/wp-json\/wp\/v2\/comments?post=8590"}],"version-history":[{"count":58,"href":"https:\/\/www.handball-normandie.fr\/index.php\/wp-json\/wp\/v2\/pages\/8590\/revisions"}],"predecessor-version":[{"id":13010,"href":"https:\/\/www.handball-normandie.fr\/index.php\/wp-json\/wp\/v2\/pages\/8590\/revisions\/13010"}],"wp:attachment":[{"href":"https:\/\/www.handball-normandie.fr\/index.php\/wp-json\/wp\/v2\/media?parent=8590"}],"curies":[{"name":"wp","href":"https:\/\/api.w.org\/{rel}","templated":true}]}}