{"id":5317,"date":"2021-12-16T15:07:02","date_gmt":"2021-12-16T14:07:02","guid":{"rendered":"http:\/\/www.handball-normandie.fr\/?page_id=5317"},"modified":"2025-03-06T15:57:43","modified_gmt":"2025-03-06T14:57:43","slug":"appel-a-projet","status":"publish","type":"page","link":"https:\/\/www.handball-normandie.fr\/index.php\/appel-a-projet\/","title":{"rendered":"APPEL \u00c0 PROJETS"},"content":{"rendered":"<p>[et_pb_section fb_built=\u00a0\u00bb1&Prime; _builder_version=\u00a0\u00bb4.23.1&Prime; _module_preset=\u00a0\u00bbdefault\u00a0\u00bb background_enable_image=\u00a0\u00bboff\u00a0\u00bb global_colors_info=\u00a0\u00bb{}\u00a0\u00bb][et_pb_row _builder_version=\u00a0\u00bb4.23.1&Prime; _module_preset=\u00a0\u00bbdefault\u00a0\u00bb global_colors_info=\u00a0\u00bb{}\u00a0\u00bb][et_pb_column type=\u00a0\u00bb4_4&Prime; _builder_version=\u00a0\u00bb4.23.1&Prime; _module_preset=\u00a0\u00bbdefault\u00a0\u00bb global_colors_info=\u00a0\u00bb{}\u00a0\u00bb][et_pb_text _builder_version=\u00a0\u00bb4.23.1&Prime; _module_preset=\u00a0\u00bbdefault\u00a0\u00bb text_font=\u00a0\u00bb|800|||||||\u00a0\u00bb text_text_color=\u00a0\u00bb#193d6e\u00a0\u00bb text_font_size=\u00a0\u00bb30px\u00a0\u00bb module_alignment=\u00a0\u00bbcenter\u00a0\u00bb custom_padding=\u00a0\u00bb30px||30px||true|false\u00a0\u00bb global_colors_info=\u00a0\u00bb{}\u00a0\u00bb]<\/p>\n<p><strong>APPEL \u00c0 PROJETS<\/strong><\/p>\n<p>[\/et_pb_text][\/et_pb_column][\/et_pb_row][et_pb_row column_structure=\u00a0\u00bb1_2,1_2&Prime; _builder_version=\u00a0\u00bb4.23.1&Prime; _module_preset=\u00a0\u00bbdefault\u00a0\u00bb custom_margin=\u00a0\u00bb||10px||false|false\u00a0\u00bb global_colors_info=\u00a0\u00bb{}\u00a0\u00bb][et_pb_column type=\u00a0\u00bb1_2&Prime; _builder_version=\u00a0\u00bb4.23.1&Prime; _module_preset=\u00a0\u00bbdefault\u00a0\u00bb global_colors_info=\u00a0\u00bb{}\u00a0\u00bb][et_pb_text _builder_version=\u00a0\u00bb4.23.1&Prime; _module_preset=\u00a0\u00bbdefault\u00a0\u00bb text_font=\u00a0\u00bb||||||||\u00a0\u00bb text_text_color=\u00a0\u00bb#000000&Prime; module_alignment=\u00a0\u00bbcenter\u00a0\u00bb custom_padding=\u00a0\u00bb||||false|false\u00a0\u00bb global_colors_info=\u00a0\u00bb{}\u00a0\u00bb]<\/p>\n<p>La FFHandball lance une campagne d&rsquo;appels \u00e0 projets concernant les diff\u00e9rentes pratiques <span>(HandEnsemble, BabyHand, HandFit, Hand \u00e0 4 et BeachHandball) qui rythmera toute la saison jusqu\u2019\u00e0 l\u2019\u00e9t\u00e9 2024.<\/span><\/p>\n<p><span style=\"text-decoration: underline;\">Cette campagne a pour objectifs de\u202f:\u00a0<\/span><br \/>&#8211;\u00a0Valoriser les structures qui candidatent<br \/>&#8211; Inciter les actions locales<br \/>&#8211;\u00a0Communiquer largement sur les diff\u00e9rentes pratiques<\/p>\n<p><span style=\"text-decoration: underline;\">Le fonctionnement est tr\u00e8s simple\u202f:\u00a0<\/span><br \/>1\/ D\u00e9posez votre candidature lors de la phase d\u2019appel \u00e0 projets identifi\u00e9e pour chaque pratique<br \/>2\/ R\u00e9alisez votre action lors du \u00ab Mois de\u202f\u00bb cette\u00a0pratique.<\/p>\n<p>[\/et_pb_text][\/et_pb_column][et_pb_column type=\u00a0\u00bb1_2&Prime; _builder_version=\u00a0\u00bb4.23.1&Prime; _module_preset=\u00a0\u00bbdefault\u00a0\u00bb global_colors_info=\u00a0\u00bb{}\u00a0\u00bb][et_pb_image src=\u00a0\u00bbhttps:\/\/www.handball-normandie.fr\/wp-content\/uploads\/2025\/03\/Calendrier-AAP-2024-2025.webp\u00a0\u00bb title_text=\u00a0\u00bbCalendrier AAP 2024-2025&Prime; show_in_lightbox=\u00a0\u00bbon\u00a0\u00bb align=\u00a0\u00bbcenter\u00a0\u00bb _builder_version=\u00a0\u00bb4.27.4&Prime; _module_preset=\u00a0\u00bbdefault\u00a0\u00bb width=\u00a0\u00bb65%\u00a0\u00bb module_alignment=\u00a0\u00bbcenter\u00a0\u00bb hover_enabled=\u00a0\u00bb0&Prime; global_colors_info=\u00a0\u00bb{}\u00a0\u00bb sticky_enabled=\u00a0\u00bb0&Prime;][\/et_pb_image][\/et_pb_column][\/et_pb_row][et_pb_row _builder_version=\u00a0\u00bb4.23.1&Prime; _module_preset=\u00a0\u00bbdefault\u00a0\u00bb global_colors_info=\u00a0\u00bb{}\u00a0\u00bb][et_pb_column type=\u00a0\u00bb4_4&Prime; _builder_version=\u00a0\u00bb4.23.1&Prime; _module_preset=\u00a0\u00bbdefault\u00a0\u00bb global_colors_info=\u00a0\u00bb{}\u00a0\u00bb][et_pb_text _builder_version=\u00a0\u00bb4.23.1&Prime; _module_preset=\u00a0\u00bbdefault\u00a0\u00bb text_text_color=\u00a0\u00bb#000000&Prime; global_colors_info=\u00a0\u00bb{}\u00a0\u00bb]<\/p>\n<p><span>Toutes les structures qui auront candidat\u00e9 \u00e0 l\u2019un ou plusieurs des appels \u00e0 projets recevront des dotations (\u00e0 condition que leur projet ait tout d\u2019abord \u00e9t\u00e9 valid\u00e9 par leur ligue).\u00a0 <\/span><br \/><span>\u00a0 <\/span><br \/><span>Parmi ces candidatures retenues, la FFHandball (associ\u00e9e \u00e0 Lidl pour l\u2019appel \u00e0 projets HandEnsemble et \u00e0 Kinder Joy Of Moving pour le Hand \u00e0 4) d\u00e9signera des clubs laur\u00e9ats qui seront re\u00e7us \u00e0 la Maison du Handball \u00e0 l\u2019occasion de la soir\u00e9e Troph\u00e9e des Clubs 2024.<\/span><\/p>\n<p>[\/et_pb_text][et_pb_text _builder_version=\u00a0\u00bb4.23.1&Prime; _module_preset=\u00a0\u00bbdefault\u00a0\u00bb text_text_color=\u00a0\u00bb#000000&Prime; global_colors_info=\u00a0\u00bb{}\u00a0\u00bb]<\/p>\n<p><span style=\"text-decoration: underline;\"><strong>O\u00f9 d\u00e9poser vos projets\u202f?<\/strong><\/span><\/p>\n<p>La FFHandball met \u00e0 disposition des structures une plateforme num\u00e9rique pour le d\u00e9p\u00f4t et le suivi des candidatures.\u00a0 <\/p>\n<p>Simple et intuitive, cette plateforme permettra\u202f\u00e0 chaque structure\u202f:\u00a0 <br \/>&#8211; de pr\u00e9parer ses projets en mode brouillon et de les valider au moment souhait\u00e9\u00a0 <br \/>&#8211; de suivre en temps r\u00e9el l\u2019avanc\u00e9e de ses candidatures\u00a0 <br \/>&#8211; de conserver dans un m\u00eame espace tous ses projets sur plusieurs ann\u00e9es\u00a0<\/p>\n<p>[\/et_pb_text][et_pb_button button_url=\u00a0\u00bbhttps:\/\/appelaprojets.ffhandball.fr\/login\u00a0\u00bb button_text=\u00a0\u00bbPLATEFORME EN LIGNE POUR G\u00c9RER VOS PROJETS\u00a0\u00bb button_alignment=\u00a0\u00bbcenter\u00a0\u00bb _builder_version=\u00a0\u00bb4.27.4&Prime; _module_preset=\u00a0\u00bbdefault\u00a0\u00bb custom_button=\u00a0\u00bbon\u00a0\u00bb button_text_color=\u00a0\u00bb#FFFFFF\u00a0\u00bb button_bg_color=\u00a0\u00bb#E02B20&Prime; button_border_color=\u00a0\u00bb#FFFFFF\u00a0\u00bb button_font=\u00a0\u00bb|700|||||||\u00a0\u00bb button_on_hover=\u00a0\u00bboff\u00a0\u00bb custom_margin=\u00a0\u00bb||15px||false|false\u00a0\u00bb hover_enabled=\u00a0\u00bb0&Prime; box_shadow_style=\u00a0\u00bbpreset1&Prime; global_colors_info=\u00a0\u00bb{}\u00a0\u00bb sticky_enabled=\u00a0\u00bb0&Prime;][\/et_pb_button][\/et_pb_column][\/et_pb_row][\/et_pb_section]<\/p>\n","protected":false},"excerpt":{"rendered":"<p>APPEL \u00c0 PROJETSLa FFHandball lance une campagne d&rsquo;appels \u00e0 projets concernant les diff\u00e9rentes pratiques (HandEnsemble, BabyHand, HandFit, Hand \u00e0 4 et BeachHandball) qui rythmera toute la saison jusqu\u2019\u00e0 l\u2019\u00e9t\u00e9 2024. Cette campagne a pour objectifs de\u202f:\u00a0&#8211;\u00a0Valoriser les structures qui candidatent- Inciter les actions locales-\u00a0Communiquer largement sur les diff\u00e9rentes pratiques Le fonctionnement est tr\u00e8s simple\u202f:\u00a01\/ D\u00e9posez [&hellip;]<\/p>\n","protected":false},"author":1,"featured_media":0,"parent":0,"menu_order":0,"comment_status":"closed","ping_status":"closed","template":"","meta":{"_bbp_topic_count":0,"_bbp_reply_count":0,"_bbp_total_topic_count":0,"_bbp_total_reply_count":0,"_bbp_voice_count":0,"_bbp_anonymous_reply_count":0,"_bbp_topic_count_hidden":0,"_bbp_reply_count_hidden":0,"_bbp_forum_subforum_count":0,"_et_pb_use_builder":"on","_et_pb_old_content":"","_et_gb_content_width":"","footnotes":""},"class_list":["post-5317","page","type-page","status-publish","hentry"],"_links":{"self":[{"href":"https:\/\/www.handball-normandie.fr\/index.php\/wp-json\/wp\/v2\/pages\/5317","targetHints":{"allow":["GET"]}}],"collection":[{"href":"https:\/\/www.handball-normandie.fr\/index.php\/wp-json\/wp\/v2\/pages"}],"about":[{"href":"https:\/\/www.handball-normandie.fr\/index.php\/wp-json\/wp\/v2\/types\/page"}],"author":[{"embeddable":true,"href":"https:\/\/www.handball-normandie.fr\/index.php\/wp-json\/wp\/v2\/users\/1"}],"replies":[{"embeddable":true,"href":"https:\/\/www.handball-normandie.fr\/index.php\/wp-json\/wp\/v2\/comments?post=5317"}],"version-history":[{"count":18,"href":"https:\/\/www.handball-normandie.fr\/index.php\/wp-json\/wp\/v2\/pages\/5317\/revisions"}],"predecessor-version":[{"id":11603,"href":"https:\/\/www.handball-normandie.fr\/index.php\/wp-json\/wp\/v2\/pages\/5317\/revisions\/11603"}],"wp:attachment":[{"href":"https:\/\/www.handball-normandie.fr\/index.php\/wp-json\/wp\/v2\/media?parent=5317"}],"curies":[{"name":"wp","href":"https:\/\/api.w.org\/{rel}","templated":true}]}}