{"id":4764,"date":"2021-05-16T19:13:04","date_gmt":"2021-05-16T17:13:04","guid":{"rendered":"http:\/\/www.handball-normandie.fr\/?page_id=4764"},"modified":"2025-08-28T12:46:37","modified_gmt":"2025-08-28T10:46:37","slug":"documents-utiles-coc","status":"publish","type":"page","link":"https:\/\/www.handball-normandie.fr\/index.php\/documents-utiles-coc\/","title":{"rendered":"Documents utiles COC"},"content":{"rendered":"<p>[et_pb_section fb_built=\u00a0\u00bb1&Prime; _builder_version=\u00a0\u00bb4.27.4&Prime; _module_preset=\u00a0\u00bbdefault\u00a0\u00bb background_image=\u00a0\u00bbhttp:\/\/itfenok.cluster028.hosting.ovh.net\/wp-content\/uploads\/2020\/12\/Logo_Mono_15.png\u00a0\u00bb min_height=\u00a0\u00bb634px\u00a0\u00bb custom_margin=\u00a0\u00bb||15px||false|false\u00a0\u00bb custom_padding=\u00a0\u00bb||20px||false|false\u00a0\u00bb global_colors_info=\u00a0\u00bb{}\u00a0\u00bb][et_pb_row use_custom_gutter=\u00a0\u00bbon\u00a0\u00bb _builder_version=\u00a0\u00bb4.27.4&Prime; _module_preset=\u00a0\u00bbdefault\u00a0\u00bb background_image=\u00a0\u00bbhttp:\/\/itfenok.cluster028.hosting.ovh.net\/wp-content\/uploads\/2021\/02\/Chaussure.png\u00a0\u00bb background_position=\u00a0\u00bbbottom_center\u00a0\u00bb global_colors_info=\u00a0\u00bb{}\u00a0\u00bb][et_pb_column type=\u00a0\u00bb4_4&Prime; _builder_version=\u00a0\u00bb4.16&Prime; _module_preset=\u00a0\u00bbdefault\u00a0\u00bb global_colors_info=\u00a0\u00bb{}\u00a0\u00bb][et_pb_text _builder_version=\u00a0\u00bb4.27.4&Prime; _module_preset=\u00a0\u00bbdefault\u00a0\u00bb text_font=\u00a0\u00bbMontserrat|600||on|||||\u00a0\u00bb text_text_color=\u00a0\u00bb#193D6E\u00a0\u00bb text_font_size=\u00a0\u00bb45px\u00a0\u00bb text_orientation=\u00a0\u00bbcenter\u00a0\u00bb custom_margin=\u00a0\u00bb34px||34px||false|false\u00a0\u00bb global_colors_info=\u00a0\u00bb{}\u00a0\u00bb]<\/p>\n<p><span>Documents utiles coc<\/span><\/p>\n<p>[\/et_pb_text][\/et_pb_column][\/et_pb_row][et_pb_row _builder_version=\u00a0\u00bb4.27.4&Prime; _module_preset=\u00a0\u00bbdefault\u00a0\u00bb global_colors_info=\u00a0\u00bb{}\u00a0\u00bb][et_pb_column type=\u00a0\u00bb4_4&Prime; _builder_version=\u00a0\u00bb4.27.4&Prime; _module_preset=\u00a0\u00bbdefault\u00a0\u00bb global_colors_info=\u00a0\u00bb{}\u00a0\u00bb][et_pb_accordion toggle_icon=\u00a0\u00bb&#x69;||divi||400&Prime; icon_color=\u00a0\u00bb#193D6E\u00a0\u00bb _builder_version=\u00a0\u00bb4.27.4&Prime; _module_preset=\u00a0\u00bbdefault\u00a0\u00bb hover_enabled=\u00a0\u00bb0&Prime; global_colors_info=\u00a0\u00bb{}\u00a0\u00bb sticky_enabled=\u00a0\u00bb0&Prime;][et_pb_accordion_item title=\u00a0\u00bb\ud83d\udccb Informations G\u00e9n\u00e9rales \u2013 Organisation Sportive\u00a0\u00bb open=\u00a0\u00bbon\u00a0\u00bb open_toggle_text_color=\u00a0\u00bb#193D6E\u00a0\u00bb _builder_version=\u00a0\u00bb4.27.4&Prime; _module_preset=\u00a0\u00bbdefault\u00a0\u00bb body_font=\u00a0\u00bbMontserrat||||||||\u00a0\u00bb body_text_align=\u00a0\u00bbleft\u00a0\u00bb body_text_color=\u00a0\u00bb#9C1513&Prime; hover_enabled=\u00a0\u00bb0&Prime; global_colors_info=\u00a0\u00bb{}\u00a0\u00bb toggle_text_color=\u00a0\u00bb#193D6E\u00a0\u00bb toggle_font=\u00a0\u00bbMontserrat|600||on|||||\u00a0\u00bb sticky_enabled=\u00a0\u00bb0&Prime;]<\/p>\n<p><span style=\"color: #800000;\"><span style=\"color: #800000;\"><br \/><a href=\"https:\/\/www.handball-normandie.fr\/wp-content\/uploads\/2025\/07\/Calendrier-regional-2025-2026.pdf\" style=\"color: #800000;\" target=\"_blank\" rel=\"noopener\">Calendrier r\u00e9gional saison 2025-2026<\/a><br \/><a href=\"https:\/\/www.handball-normandie.fr\/wp-content\/uploads\/2025\/08\/Composition-Poule-2025-2026-1.pdf\" style=\"color: #800000;\">Composition des poules Championnats +16ans F et M (2025-2026)<\/a><br \/><a href=\"https:\/\/www.handball-normandie.fr\/wp-content\/uploads\/2025\/01\/2-11-Procedure-demande-de-report-2024-2025.pdf\" style=\"color: #800000;\">Modalit\u00e9s demande de report<\/a><br \/><a href=\"https:\/\/www.handball-normandie.fr\/wp-content\/uploads\/2025\/08\/Categories-dages-2025-2026.pdf\" style=\"color: #800000;\">Cat\u00e9gories d&rsquo;\u00e2ges 2025-2026<\/a><br \/><a href=\"https:\/\/www.handball-normandie.fr\/wp-content\/uploads\/2025\/01\/2-07-Themes-de-jeu-2024-2025.pdf\" style=\"color: #800000;\">Th\u00e8mes de jeu 2024-2025<\/a><br \/><a href=\"https:\/\/www.handball-normandie.fr\/wp-content\/uploads\/2025\/08\/Grille-montees-descentes-25-26.pdf\" style=\"color: #800000;\">Grilles mont\u00e9es et descentes +16ans f\u00e9minin<\/a><br \/><a href=\"https:\/\/www.handball-normandie.fr\/wp-content\/uploads\/2025\/08\/Grille-montees-descentes-Jeunes.pdf\" style=\"color: #800000;\">Grilles mont\u00e9es et descentes championnats r\u00e9gionaux jeunes feminin<\/a><br \/><a href=\"https:\/\/www.handball-normandie.fr\/wp-content\/uploads\/2025\/08\/Derogation-2025-2026-Boulard-Theo.pdf\" style=\"color: #800000;\">Demand de d&rsquo;aurorisation d&rsquo;\u00e9voluer dans une cat\u00e9gorie sup\u00e9rieur<\/a><\/span><\/span><span style=\"color: #800000;\"><span style=\"color: #800000;\"><\/span><\/span><span style=\"color: #800000;\"><\/span><\/p>\n<p>[\/et_pb_accordion_item][et_pb_accordion_item title=\u00a0\u00bb\ud83d\udcdd COMPTES RENDUS R\u00c9UNIONS COC\u00a0\u00bb open_toggle_text_color=\u00a0\u00bb#193D6E\u00a0\u00bb _builder_version=\u00a0\u00bb4.27.4&Prime; _module_preset=\u00a0\u00bbdefault\u00a0\u00bb body_font=\u00a0\u00bbMontserrat||||||||\u00a0\u00bb body_text_align=\u00a0\u00bbleft\u00a0\u00bb body_text_color=\u00a0\u00bb#9C1513&Prime; hover_enabled=\u00a0\u00bb0&Prime; global_colors_info=\u00a0\u00bb{}\u00a0\u00bb toggle_text_color=\u00a0\u00bb#193D6E\u00a0\u00bb toggle_font=\u00a0\u00bbMontserrat|600|||||||\u00a0\u00bb open=\u00a0\u00bboff\u00a0\u00bb sticky_enabled=\u00a0\u00bb0&Prime;]<\/p>\n<p><span style=\"color: #800000;\"><a href=\"https:\/\/www.handball-normandie.fr\/wp-content\/uploads\/2025\/08\/COC-Pleniere-02-Juil-2025.pdf\" target=\"_blank\" rel=\"noopener\" style=\"color: #800000;\">Compte-rendu r\u00e9union COC du 02\/07\/2025<\/a><br \/><a href=\"https:\/\/www.handball-normandie.fr\/wp-content\/uploads\/2025\/08\/5-2-CR-COC-tirage-CN-18-aout-2025.pdf\" target=\"_blank\" rel=\"noopener\" style=\"color: #800000;\">Compte-rendu r\u00e9union COC du 18\/08\/2025<\/a><br \/><a href=\"https:\/\/www.handball-normandie.fr\/wp-content\/uploads\/2025\/01\/01-CR-COC-pleniere-du-03-juillet-2024.pdf\" style=\"color: #800000;\">Compte rendu r\u00e9union COC du 03\/07\/2024<\/a><\/span><br \/><span style=\"color: #800000;\"><a href=\"Compte%20rendu r\u00e9union COC du 21\/08\/2024 (Tirage au sort coupe de Normandie +16ans)\" style=\"color: #800000;\">Compte rendu r\u00e9union COC du 21\/08\/2024 (Tirage au sort coupe de Normandie +16ans)<\/a><\/span><br \/><span style=\"color: #800000;\"><a href=\"https:\/\/www.handball-normandie.fr\/wp-content\/uploads\/2025\/01\/03-CR-COC-Poules-jeunes-suite-brassages-160924.pdf\" style=\"color: #800000;\">Compte rendu r\u00e9union COC du 16\/09\/2024<\/a><br \/><a href=\"https:\/\/www.handball-normandie.fr\/wp-content\/uploads\/2025\/01\/06-CR-COC-poule-13-et-CN-161024.pdf\" style=\"color: #800000;\">Compte rendu r\u00e9union COC du 16\/09\/2024<\/a><\/span><br \/><span style=\"color: #800000;\"><a href=\"https:\/\/www.handball-normandie.fr\/wp-content\/uploads\/2025\/01\/04-CR-COC-du-24-septembre-2024-v2.pdf\" style=\"color: #800000;\">Compte rendu r\u00e9union COC du 24\/09\/2024<\/a><\/span><br \/><span style=\"color: #800000;\"><a href=\"https:\/\/www.handball-normandie.fr\/wp-content\/uploads\/2025\/01\/08-CR-COC-poule-13F-091224.pdf\" style=\"color: #800000;\">Compte rendu r\u00e9union COC du 09\/12\/2024<\/a><\/span><br \/><span style=\"color: #800000;\"><a href=\"https:\/\/www.handball-normandie.fr\/wp-content\/uploads\/2025\/01\/09-CR-COC-Poule-Jeunes-2eme-phase-et-CN-220125.pdf\" style=\"color: #800000;\">Compte rendu r\u00e9union COC du 22\/01\/2024<\/a><\/span><\/p>\n<p><span style=\"color: #800000;\"><\/span><\/p>\n<p><span style=\"color: #800000;\"><\/span><\/p>\n<p>[\/et_pb_accordion_item][\/et_pb_accordion][et_pb_text _builder_version=\u00a0\u00bb4.27.4&Prime; _module_preset=\u00a0\u00bbdefault\u00a0\u00bb text_font=\u00a0\u00bbMontserrat|600|||||||\u00a0\u00bb text_text_color=\u00a0\u00bb#193D6E\u00a0\u00bb text_font_size=\u00a0\u00bb16px\u00a0\u00bb background_color=\u00a0\u00bbRGBA(255,255,255,0)\u00a0\u00bb max_width=\u00a0\u00bb100%\u00a0\u00bb module_alignment=\u00a0\u00bbcenter\u00a0\u00bb custom_padding=\u00a0\u00bb5px|0px|0px|0px|false|false\u00a0\u00bb link_option_url_new_window=\u00a0\u00bbon\u00a0\u00bb border_color_top=\u00a0\u00bbRGBA(0,0,0,0)\u00a0\u00bb global_colors_info=\u00a0\u00bb{}\u00a0\u00bb]<\/p>\n<p style=\"text-align: center;\"><span style=\"color: #003366;\"><a href=\"mailto:5900000.coc@ffhandball.net\" target=\"_blank\" rel=\"noopener noreferrer\" style=\"color: #003366;\"><\/a><a href=\"mailto:5900000.cmcd@ffhandball.net\" target=\"_blank\" rel=\"noopener noreferrer\"><span>\u2709\ufe0f<\/span><\/a><a href=\"mailto:5900000.coc@ffhandball.net\" target=\"_blank\" rel=\"noopener noreferrer\" style=\"color: #003366;\"> 5900000.coc@ffhandball.net<\/a><\/span><\/p>\n<p>[\/et_pb_text][et_pb_image src=\u00a0\u00bbhttps:\/\/www.handball-normandie.fr\/wp-content\/uploads\/2021\/02\/Com_Competition.png\u00a0\u00bb title_text=\u00a0\u00bbCom_Competition\u00a0\u00bb align=\u00a0\u00bbcenter\u00a0\u00bb _builder_version=\u00a0\u00bb4.27.4&Prime; _module_preset=\u00a0\u00bbdefault\u00a0\u00bb border_radii=\u00a0\u00bbon|10px|10px|10px|10px\u00a0\u00bb global_colors_info=\u00a0\u00bb{}\u00a0\u00bb][\/et_pb_image][\/et_pb_column][\/et_pb_row][\/et_pb_section]<\/p>\n","protected":false},"excerpt":{"rendered":"<p>Documents utiles cocCalendrier r\u00e9gional saison 2025-2026Composition des poules Championnats +16ans F et M (2025-2026)Modalit\u00e9s demande de reportCat\u00e9gories d&rsquo;\u00e2ges 2025-2026Th\u00e8mes de jeu 2024-2025Grilles mont\u00e9es et descentes +16ans f\u00e9mininGrilles mont\u00e9es et descentes championnats r\u00e9gionaux jeunes femininDemand de d&rsquo;aurorisation d&rsquo;\u00e9voluer dans une cat\u00e9gorie sup\u00e9rieurCompte-rendu r\u00e9union COC du 02\/07\/2025Compte-rendu r\u00e9union COC du 18\/08\/2025Compte rendu r\u00e9union COC du 03\/07\/2024Compte rendu [&hellip;]<\/p>\n","protected":false},"author":1,"featured_media":0,"parent":0,"menu_order":0,"comment_status":"closed","ping_status":"closed","template":"","meta":{"_bbp_topic_count":0,"_bbp_reply_count":0,"_bbp_total_topic_count":0,"_bbp_total_reply_count":0,"_bbp_voice_count":0,"_bbp_anonymous_reply_count":0,"_bbp_topic_count_hidden":0,"_bbp_reply_count_hidden":0,"_bbp_forum_subforum_count":0,"_et_pb_use_builder":"on","_et_pb_old_content":"","_et_gb_content_width":"","footnotes":""},"class_list":["post-4764","page","type-page","status-publish","hentry"],"_links":{"self":[{"href":"https:\/\/www.handball-normandie.fr\/index.php\/wp-json\/wp\/v2\/pages\/4764","targetHints":{"allow":["GET"]}}],"collection":[{"href":"https:\/\/www.handball-normandie.fr\/index.php\/wp-json\/wp\/v2\/pages"}],"about":[{"href":"https:\/\/www.handball-normandie.fr\/index.php\/wp-json\/wp\/v2\/types\/page"}],"author":[{"embeddable":true,"href":"https:\/\/www.handball-normandie.fr\/index.php\/wp-json\/wp\/v2\/users\/1"}],"replies":[{"embeddable":true,"href":"https:\/\/www.handball-normandie.fr\/index.php\/wp-json\/wp\/v2\/comments?post=4764"}],"version-history":[{"count":48,"href":"https:\/\/www.handball-normandie.fr\/index.php\/wp-json\/wp\/v2\/pages\/4764\/revisions"}],"predecessor-version":[{"id":12547,"href":"https:\/\/www.handball-normandie.fr\/index.php\/wp-json\/wp\/v2\/pages\/4764\/revisions\/12547"}],"wp:attachment":[{"href":"https:\/\/www.handball-normandie.fr\/index.php\/wp-json\/wp\/v2\/media?parent=4764"}],"curies":[{"name":"wp","href":"https:\/\/api.w.org\/{rel}","templated":true}]}}