{"id":181,"date":"2020-11-19T17:56:25","date_gmt":"2020-11-19T16:56:25","guid":{"rendered":"http:\/\/itfenok.cluster028.hosting.ovh.net\/?page_id=181"},"modified":"2026-01-22T13:59:22","modified_gmt":"2026-01-22T12:59:22","slug":"integrite-citoyennete","status":"publish","type":"page","link":"https:\/\/www.handball-normandie.fr\/index.php\/integrite-citoyennete\/","title":{"rendered":"Int\u00e9grit\u00e9 \/ Citoyennet\u00e9"},"content":{"rendered":"<p>[et_pb_section fb_built=\u00a0\u00bb1&Prime; _builder_version=\u00a0\u00bb4.27.4&Prime; _module_preset=\u00a0\u00bbdefault\u00a0\u00bb background_image=\u00a0\u00bbhttp:\/\/itfenok.cluster028.hosting.ovh.net\/wp-content\/uploads\/2021\/01\/business-team-working-office-worker-concept-scaled.jpg\u00a0\u00bb min_height=\u00a0\u00bb161px\u00a0\u00bb custom_margin=\u00a0\u00bb||10px||false|false\u00a0\u00bb custom_padding=\u00a0\u00bb||0px|||\u00a0\u00bb global_colors_info=\u00a0\u00bb{}\u00a0\u00bb][et_pb_row _builder_version=\u00a0\u00bb4.27.4&Prime; _module_preset=\u00a0\u00bbdefault\u00a0\u00bb global_colors_info=\u00a0\u00bb{}\u00a0\u00bb][et_pb_column type=\u00a0\u00bb4_4&Prime; _builder_version=\u00a0\u00bb4.16&Prime; _module_preset=\u00a0\u00bbdefault\u00a0\u00bb global_colors_info=\u00a0\u00bb{}\u00a0\u00bb][et_pb_text disabled_on=\u00a0\u00bboff|off|off\u00a0\u00bb _builder_version=\u00a0\u00bb4.27.4&Prime; _module_preset=\u00a0\u00bbdefault\u00a0\u00bb text_font=\u00a0\u00bb|700||on|||||\u00a0\u00bb text_text_color=\u00a0\u00bb#193D6E\u00a0\u00bb text_font_size=\u00a0\u00bb47px\u00a0\u00bb text_orientation=\u00a0\u00bbcenter\u00a0\u00bb custom_margin=\u00a0\u00bb100px||||false|false\u00a0\u00bb overflow-x_tablet=\u00a0\u00bb\u00a0\u00bb overflow-x_phone=\u00a0\u00bb\u00a0\u00bb overflow-x_last_edited=\u00a0\u00bbon|desktop\u00a0\u00bb text_text_shadow_style=\u00a0\u00bbpreset4&Prime; global_colors_info=\u00a0\u00bb{}\u00a0\u00bb]<\/p>\n<p>int\u00e9grit\u00e9 \/Citoyennet\u00e9<\/p>\n<p>[\/et_pb_text][\/et_pb_column][\/et_pb_row][\/et_pb_section][et_pb_section fb_built=\u00a0\u00bb1&Prime; _builder_version=\u00a0\u00bb4.16&Prime; _module_preset=\u00a0\u00bbdefault\u00a0\u00bb background_image=\u00a0\u00bbhttps:\/\/www.handball-normandie.fr\/wp-content\/uploads\/2020\/12\/Logo_Mono_15.png\u00a0\u00bb min_height=\u00a0\u00bb332px\u00a0\u00bb custom_padding=\u00a0\u00bb||15px|||\u00a0\u00bb global_colors_info=\u00a0\u00bb{}\u00a0\u00bb][et_pb_row _builder_version=\u00a0\u00bb4.27.4&Prime; _module_preset=\u00a0\u00bbdefault\u00a0\u00bb background_color=\u00a0\u00bb#FFFFFF\u00a0\u00bb global_colors_info=\u00a0\u00bb{}\u00a0\u00bb][et_pb_column type=\u00a0\u00bb4_4&Prime; _builder_version=\u00a0\u00bb4.27.4&Prime; _module_preset=\u00a0\u00bbdefault\u00a0\u00bb global_colors_info=\u00a0\u00bb{}\u00a0\u00bb][et_pb_text _builder_version=\u00a0\u00bb4.27.4&Prime; _module_preset=\u00a0\u00bbdefault\u00a0\u00bb custom_margin=\u00a0\u00bb15px||7px||false|false\u00a0\u00bb custom_padding=\u00a0\u00bb|||0px||\u00a0\u00bb global_colors_info=\u00a0\u00bb{}\u00a0\u00bb]<\/p>\n<p style=\"text-align: center;\"><img loading=\"lazy\" decoding=\"async\" src=\"https:\/\/www.handball-normandie.fr\/wp-content\/uploads\/2025\/03\/unnamed.jpg\" width=\"422\" height=\"105\" alt=\"\" class=\"wp-image-11650 alignnone size-full\" srcset=\"https:\/\/www.handball-normandie.fr\/wp-content\/uploads\/2025\/03\/unnamed.jpg 422w, https:\/\/www.handball-normandie.fr\/wp-content\/uploads\/2025\/03\/unnamed-300x75.jpg 300w\" sizes=\"(max-width: 422px) 100vw, 422px\" \/><\/p>\n<p style=\"text-align: center;\"><strong><span style=\"color: #000000;\">Depuis octobre 2018, la F\u00e9d\u00e9ration fran\u00e7aise de Handball a engag\u00e9 un travail global visant \u00e0 renforcer son dispositif de pr\u00e9vention des d\u00e9viances, notamment sexuelles, et de protection de l\u2019int\u00e9grit\u00e9 des pratiquants.<br \/><\/span><span style=\"color: #000000;\">Lanc\u00e9 officiellement en octobre 2020, le plan f\u00e9d\u00e9ral de pr\u00e9vention de toutes les violences est mis en place et structur\u00e9 autour de 5 axes :<\/span><\/strong><\/p>\n<p>[\/et_pb_text][et_pb_text _builder_version=\u00a0\u00bb4.27.4&Prime; _module_preset=\u00a0\u00bbdefault\u00a0\u00bb global_colors_info=\u00a0\u00bb{}\u00a0\u00bb]<\/p>\n<ul>\n<li style=\"list-style-type: none;\">\n<ul>\n<li style=\"list-style-type: none;\">\n<ul>\n<li style=\"text-align: left;\"><span style=\"color: #000000;\">Une strat\u00e9gie de contr\u00f4le visant \u00e0 s\u2019assurer de l\u2019int\u00e9grit\u00e9 et de l\u2019honorabilit\u00e9 des encadrants.<\/span><\/li>\n<li style=\"text-align: left;\"><span style=\"color: #000000;\">Une campagne de sensibilisation et de lib\u00e9ration de la parole gr\u00e2ce notamment aux partenariats avec la F\u00e9d\u00e9ration France Victimes et l\u2019association Colosse aux pieds d\u2019argile,<\/span><\/li>\n<li style=\"text-align: left;\"><span style=\"color: #000000;\">Une organisation et un num\u00e9ro au service de l\u2019\u00e9coute et de l\u2019accompagnement des victimes et\/ou des t\u00e9moins avec une cellule f\u00e9d\u00e9rale d\u2019assistance<\/span><\/li>\n<li style=\"text-align: left;\"><span style=\"color: #000000;\">Un plan de formation des acteurs cl\u00e9s du handball, dirigeants et encadrants de clubs<\/span><\/li>\n<li style=\"text-align: left;\"><span style=\"color: #000000;\">Une communication forte \u00ab Tous Unis contre les violences \u00bb<\/span><\/li>\n<\/ul>\n<\/li>\n<\/ul>\n<\/li>\n<\/ul>\n<p>[\/et_pb_text][\/et_pb_column][\/et_pb_row][et_pb_row _builder_version=\u00a0\u00bb4.16&Prime; _module_preset=\u00a0\u00bbdefault\u00a0\u00bb background_color=\u00a0\u00bb#FFFFFF\u00a0\u00bb global_colors_info=\u00a0\u00bb{}\u00a0\u00bb][et_pb_column type=\u00a0\u00bb4_4&Prime; _builder_version=\u00a0\u00bb4.16&Prime; _module_preset=\u00a0\u00bbdefault\u00a0\u00bb global_colors_info=\u00a0\u00bb{}\u00a0\u00bb][et_pb_text _builder_version=\u00a0\u00bb4.16&Prime; _module_preset=\u00a0\u00bbdefault\u00a0\u00bb text_text_color=\u00a0\u00bb#006eb7&Prime; global_colors_info=\u00a0\u00bb{}\u00a0\u00bb]<\/p>\n<p style=\"text-align: center;\"><strong>D\u00e8s le 18 d\u00e9cembre 2020, le Conseil d\u2019Administration de la ligue de Normandie a valid\u00e9 <br \/>la composition\u00a0de sa cellule int\u00e9grit\u00e9 et lutte contre les discriminations.<\/strong><\/p>\n<p>[\/et_pb_text][\/et_pb_column][\/et_pb_row][et_pb_row column_structure=\u00a0\u00bb1_2,1_2&Prime; _builder_version=\u00a0\u00bb4.18.0&Prime; _module_preset=\u00a0\u00bbdefault\u00a0\u00bb background_color=\u00a0\u00bb#FFFFFF\u00a0\u00bb custom_padding=\u00a0\u00bb10px|10px||10px|false|false\u00a0\u00bb global_colors_info=\u00a0\u00bb{}\u00a0\u00bb][et_pb_column type=\u00a0\u00bb1_2&Prime; _builder_version=\u00a0\u00bb4.16&Prime; _module_preset=\u00a0\u00bbdefault\u00a0\u00bb border_width_right=\u00a0\u00bb1px\u00a0\u00bb border_color_right=\u00a0\u00bb#0C71C3&Prime; border_width_left=\u00a0\u00bb1px\u00a0\u00bb global_colors_info=\u00a0\u00bb{}\u00a0\u00bb][et_pb_text _builder_version=\u00a0\u00bb4.16&Prime; _module_preset=\u00a0\u00bbdefault\u00a0\u00bb text_text_color=\u00a0\u00bb#FFFFFF\u00a0\u00bb background_color=\u00a0\u00bb#006eb7&Prime; custom_margin=\u00a0\u00bb||1px|||\u00a0\u00bb global_colors_info=\u00a0\u00bb{}\u00a0\u00bb]<\/p>\n<div>\n<p class=\"Default\" align=\"center\"><b><span>Philippe LEMAITRE<o:p><\/o:p><\/span><\/b><\/p>\n<\/div>\n<p>[\/et_pb_text][et_pb_text _builder_version=\u00a0\u00bb4.27.4&Prime; _module_preset=\u00a0\u00bbdefault\u00a0\u00bb custom_margin=\u00a0\u00bb13px||10px||false|false\u00a0\u00bb global_colors_info=\u00a0\u00bb{}\u00a0\u00bb]<\/p>\n<div>\n<p class=\"Default\" align=\"center\"><span>R\u00e9f\u00e9rent Territorial &#8211; Elu<o:p><\/o:p><\/span><\/p>\n<\/div>\n<div>\n<p class=\"Default\" align=\"center\"><span><o:p>\u00a0<\/o:p><\/span><a href=\"mailto:5900000.ref-integrite@ffhandball.net\" target=\"_blank\" rel=\"noopener\">5900000.ref-integrite@ffhandball.net<\/a><\/p>\n<\/div>\n<div><\/div>\n<p>[\/et_pb_text][et_pb_text _builder_version=\u00a0\u00bb4.27.4&Prime; _module_preset=\u00a0\u00bbdefault\u00a0\u00bb background_color=\u00a0\u00bbrgba(59,227,249,0.5)\u00a0\u00bb custom_padding=\u00a0\u00bb10px|20px|0px|20px|false|false\u00a0\u00bb global_colors_info=\u00a0\u00bb{}\u00a0\u00bb]<\/p>\n<ul>\n<li><span style=\"color: #000000;\">Recueil des signalements et lien avec la cellule f\u00e9d\u00e9rale<\/span><\/li>\n<li><span style=\"color: #000000;\">Portage politique du plan dans les instances territoriales<\/span><\/li>\n<li><span style=\"color: #000000;\">Lien avec la commission de discipline<\/span><\/li>\n<\/ul>\n<p>[\/et_pb_text][\/et_pb_column][et_pb_column type=\u00a0\u00bb1_2&Prime; _builder_version=\u00a0\u00bb4.16&Prime; _module_preset=\u00a0\u00bbdefault\u00a0\u00bb border_width_right=\u00a0\u00bb1px\u00a0\u00bb border_width_left=\u00a0\u00bb1px\u00a0\u00bb global_colors_info=\u00a0\u00bb{}\u00a0\u00bb][et_pb_text _builder_version=\u00a0\u00bb4.27.4&Prime; _module_preset=\u00a0\u00bbdefault\u00a0\u00bb text_text_color=\u00a0\u00bb#FFFFFF\u00a0\u00bb background_color=\u00a0\u00bb#006eb7&Prime; custom_margin=\u00a0\u00bb||1px|||\u00a0\u00bb global_colors_info=\u00a0\u00bb{}\u00a0\u00bb]<\/p>\n<p style=\"text-align: center;\"><strong>Laetitia HARLE<\/strong><\/p>\n<p>[\/et_pb_text][et_pb_text _builder_version=\u00a0\u00bb4.27.4&Prime; _module_preset=\u00a0\u00bbdefault\u00a0\u00bb text_line_height=\u00a0\u00bb0.5em\u00a0\u00bb min_height=\u00a0\u00bb39px\u00a0\u00bb custom_margin=\u00a0\u00bb10px||10px||false|false\u00a0\u00bb custom_padding=\u00a0\u00bb||22px|||\u00a0\u00bb global_colors_info=\u00a0\u00bb{}\u00a0\u00bb]<\/p>\n<div>\n<p style=\"text-align: center;\">R\u00e9f\u00e9rente territorale &#8211; Salari\u00e9e<\/p>\n<p style=\"text-align: center;\">\n<\/div>\n<div style=\"text-align: center;\">\n<p class=\"Default\" align=\"center\"><a href=\"mailto:5900000.LHARLE@ffhandball.net\">5900000.LHARLE@ffhandball.net<\/a><\/p>\n<\/div>\n<p>[\/et_pb_text][et_pb_text _builder_version=\u00a0\u00bb4.27.5&Prime; _module_preset=\u00a0\u00bbdefault\u00a0\u00bb background_color=\u00a0\u00bbrgba(59,227,249,0.5)\u00a0\u00bb min_height=\u00a0\u00bb98.8px\u00a0\u00bb custom_margin=\u00a0\u00bb||-2px|||\u00a0\u00bb custom_padding=\u00a0\u00bb0px|20px|0px|20px|false|false\u00a0\u00bb hover_enabled=\u00a0\u00bb0&Prime; global_colors_info=\u00a0\u00bb{}\u00a0\u00bb sticky_enabled=\u00a0\u00bb0&Prime;]<\/p>\n<p><span style=\"color: #000000;\"><\/span><\/p>\n<ul>\n<li><span style=\"color: #000000;\">Recueil des signalements<\/span><\/li>\n<li><span style=\"color: #000000;\">Communication<\/span><\/li>\n<\/ul>\n<p>[\/et_pb_text][\/et_pb_column][\/et_pb_row][et_pb_row column_structure=\u00a0\u00bb1_5,1_5,1_5,1_5,1_5&Prime; _builder_version=\u00a0\u00bb4.16&Prime; _module_preset=\u00a0\u00bbdefault\u00a0\u00bb background_color=\u00a0\u00bb#FFFFFF\u00a0\u00bb custom_padding=\u00a0\u00bb15px|10px||10px|false|false\u00a0\u00bb global_colors_info=\u00a0\u00bb{}\u00a0\u00bb][et_pb_column type=\u00a0\u00bb1_5&Prime; _builder_version=\u00a0\u00bb4.16&Prime; _module_preset=\u00a0\u00bbdefault\u00a0\u00bb border_width_right=\u00a0\u00bb1px\u00a0\u00bb border_width_bottom=\u00a0\u00bb1px\u00a0\u00bb border_width_left=\u00a0\u00bb1px\u00a0\u00bb global_colors_info=\u00a0\u00bb{}\u00a0\u00bb][et_pb_text _builder_version=\u00a0\u00bb4.16&Prime; _module_preset=\u00a0\u00bbdefault\u00a0\u00bb text_text_color=\u00a0\u00bb#FFFFFF\u00a0\u00bb background_color=\u00a0\u00bb#006eb7&Prime; custom_margin=\u00a0\u00bb||1px|||\u00a0\u00bb global_colors_info=\u00a0\u00bb{}\u00a0\u00bb]<\/p>\n<div>\n<p class=\"Default\" align=\"center\"><b><span>Comit\u00e9 14<o:p><\/o:p><\/span><\/b><\/p>\n<\/div>\n<p>[\/et_pb_text][et_pb_text _builder_version=\u00a0\u00bb4.27.5&Prime; _module_preset=\u00a0\u00bbdefault\u00a0\u00bb custom_margin=\u00a0\u00bb13px||10px||false|false\u00a0\u00bb hover_enabled=\u00a0\u00bb0&Prime; global_colors_info=\u00a0\u00bb{}\u00a0\u00bb sticky_enabled=\u00a0\u00bb0&Prime;]<\/p>\n<div>\n<p class=\"Default\" align=\"center\">Patrick OSOUF<br \/>B\u00e9atrice MULLER<\/p>\n<\/div>\n<p>[\/et_pb_text][\/et_pb_column][et_pb_column type=\u00a0\u00bb1_5&Prime; _builder_version=\u00a0\u00bb4.16&Prime; _module_preset=\u00a0\u00bbdefault\u00a0\u00bb border_width_all=\u00a0\u00bb1px\u00a0\u00bb border_width_top=\u00a0\u00bb0px\u00a0\u00bb global_colors_info=\u00a0\u00bb{}\u00a0\u00bb][et_pb_text _builder_version=\u00a0\u00bb4.16&Prime; _module_preset=\u00a0\u00bbdefault\u00a0\u00bb text_text_color=\u00a0\u00bb#FFFFFF\u00a0\u00bb background_color=\u00a0\u00bb#006eb7&Prime; custom_margin=\u00a0\u00bb||1px|||\u00a0\u00bb global_colors_info=\u00a0\u00bb{}\u00a0\u00bb]<\/p>\n<div>\n<p class=\"Default\" align=\"center\"><b><span>Comit\u00e9 27<o:p><\/o:p><\/span><\/b><\/p>\n<\/div>\n<p>[\/et_pb_text][et_pb_text _builder_version=\u00a0\u00bb4.27.5&Prime; _module_preset=\u00a0\u00bbdefault\u00a0\u00bb custom_margin=\u00a0\u00bb13px||10px||false|false\u00a0\u00bb hover_enabled=\u00a0\u00bb0&Prime; global_colors_info=\u00a0\u00bb{}\u00a0\u00bb sticky_enabled=\u00a0\u00bb0&Prime;]<\/p>\n<div style=\"text-align: center;\"><\/div>\n<div>\n<div style=\"text-align: center;\"><span>Anne-Marie GEROME<\/span><\/div>\n<div style=\"text-align: center;\"><\/div>\n<\/div>\n<p>[\/et_pb_text][\/et_pb_column][et_pb_column type=\u00a0\u00bb1_5&Prime; _builder_version=\u00a0\u00bb4.16&Prime; _module_preset=\u00a0\u00bbdefault\u00a0\u00bb border_width_all=\u00a0\u00bb1px\u00a0\u00bb border_width_top=\u00a0\u00bb0px\u00a0\u00bb global_colors_info=\u00a0\u00bb{}\u00a0\u00bb][et_pb_text _builder_version=\u00a0\u00bb4.16&Prime; _module_preset=\u00a0\u00bbdefault\u00a0\u00bb text_text_color=\u00a0\u00bb#FFFFFF\u00a0\u00bb background_color=\u00a0\u00bb#006eb7&Prime; custom_margin=\u00a0\u00bb||1px|||\u00a0\u00bb global_colors_info=\u00a0\u00bb{}\u00a0\u00bb]<\/p>\n<div>\n<p class=\"Default\" align=\"center\"><b><span>Comit\u00e9 50<o:p><\/o:p><\/span><\/b><\/p>\n<\/div>\n<p>[\/et_pb_text][et_pb_text _builder_version=\u00a0\u00bb4.16&Prime; _module_preset=\u00a0\u00bbdefault\u00a0\u00bb custom_margin=\u00a0\u00bb13px||10px||false|false\u00a0\u00bb global_colors_info=\u00a0\u00bb{}\u00a0\u00bb]<\/p>\n<div style=\"text-align: center;\"><span>Philippe LEBRUN<\/span><\/div>\n<div style=\"text-align: center;\"><span>Christelle INDRILUINAS<\/span><\/div>\n<div style=\"text-align: center;\"><\/div>\n<p>[\/et_pb_text][\/et_pb_column][et_pb_column type=\u00a0\u00bb1_5&Prime; _builder_version=\u00a0\u00bb4.16&Prime; _module_preset=\u00a0\u00bbdefault\u00a0\u00bb border_width_all=\u00a0\u00bb1px\u00a0\u00bb border_width_top=\u00a0\u00bb0px\u00a0\u00bb global_colors_info=\u00a0\u00bb{}\u00a0\u00bb][et_pb_text _builder_version=\u00a0\u00bb4.16&Prime; _module_preset=\u00a0\u00bbdefault\u00a0\u00bb text_text_color=\u00a0\u00bb#FFFFFF\u00a0\u00bb background_color=\u00a0\u00bb#006eb7&Prime; custom_margin=\u00a0\u00bb||1px|||\u00a0\u00bb global_colors_info=\u00a0\u00bb{}\u00a0\u00bb]<\/p>\n<div>\n<p class=\"Default\" align=\"center\"><b><span>Comit\u00e9 61<o:p><\/o:p><\/span><\/b><\/p>\n<\/div>\n<p>[\/et_pb_text][et_pb_text _builder_version=\u00a0\u00bb4.27.5&Prime; _module_preset=\u00a0\u00bbdefault\u00a0\u00bb custom_margin=\u00a0\u00bb13px||10px||false|false\u00a0\u00bb hover_enabled=\u00a0\u00bb0&Prime; global_colors_info=\u00a0\u00bb{}\u00a0\u00bb sticky_enabled=\u00a0\u00bb0&Prime;]<\/p>\n<p style=\"text-align: center;\"><span><span>Patrick BORDEAU<br \/>Christele LECONTE<\/span><\/span><\/p>\n<p style=\"text-align: center;\"><span><span><\/span><\/span><\/p>\n<div style=\"text-align: center;\"><\/div>\n<p>[\/et_pb_text][\/et_pb_column][et_pb_column type=\u00a0\u00bb1_5&Prime; _builder_version=\u00a0\u00bb4.16&Prime; _module_preset=\u00a0\u00bbdefault\u00a0\u00bb border_width_all=\u00a0\u00bb1px\u00a0\u00bb border_width_top=\u00a0\u00bb0px\u00a0\u00bb global_colors_info=\u00a0\u00bb{}\u00a0\u00bb][et_pb_text _builder_version=\u00a0\u00bb4.16&Prime; _module_preset=\u00a0\u00bbdefault\u00a0\u00bb text_text_color=\u00a0\u00bb#FFFFFF\u00a0\u00bb background_color=\u00a0\u00bb#006eb7&Prime; custom_margin=\u00a0\u00bb||1px|||\u00a0\u00bb global_colors_info=\u00a0\u00bb{}\u00a0\u00bb]<\/p>\n<div>\n<p class=\"Default\" align=\"center\"><b><span>Comit\u00e9 76<o:p><\/o:p><\/span><\/b><\/p>\n<\/div>\n<p>[\/et_pb_text][et_pb_text _builder_version=\u00a0\u00bb4.27.5&Prime; _module_preset=\u00a0\u00bbdefault\u00a0\u00bb custom_margin=\u00a0\u00bb13px||10px||false|false\u00a0\u00bb hover_enabled=\u00a0\u00bb0&Prime; global_colors_info=\u00a0\u00bb{}\u00a0\u00bb sticky_enabled=\u00a0\u00bb0&Prime;]<\/p>\n<p style=\"text-align: center;\">Nathalie DELESTRE<\/p>\n<div style=\"text-align: center;\"><\/div>\n<p>[\/et_pb_text][\/et_pb_column][\/et_pb_row][et_pb_row _builder_version=\u00a0\u00bb4.16&Prime; _module_preset=\u00a0\u00bbdefault\u00a0\u00bb background_color=\u00a0\u00bb#FFFFFF\u00a0\u00bb custom_padding=\u00a0\u00bb||50px|||\u00a0\u00bb global_colors_info=\u00a0\u00bb{}\u00a0\u00bb][et_pb_column type=\u00a0\u00bb4_4&Prime; _builder_version=\u00a0\u00bb4.16&Prime; _module_preset=\u00a0\u00bbdefault\u00a0\u00bb global_colors_info=\u00a0\u00bb{}\u00a0\u00bb][\/et_pb_column][\/et_pb_row][et_pb_row _builder_version=\u00a0\u00bb4.27.4&Prime; _module_preset=\u00a0\u00bbdefault\u00a0\u00bb background_color=\u00a0\u00bbrgba(59,227,249,0.5)\u00a0\u00bb global_colors_info=\u00a0\u00bb{}\u00a0\u00bb][et_pb_column type=\u00a0\u00bb4_4&Prime; _builder_version=\u00a0\u00bb4.16&Prime; _module_preset=\u00a0\u00bbdefault\u00a0\u00bb global_colors_info=\u00a0\u00bb{}\u00a0\u00bb][et_pb_text _builder_version=\u00a0\u00bb4.16&Prime; _module_preset=\u00a0\u00bbdefault\u00a0\u00bb text_text_color=\u00a0\u00bb#FFFFFF\u00a0\u00bb background_color=\u00a0\u00bb#006eb7&Prime; custom_margin=\u00a0\u00bb15px||1px||false|false\u00a0\u00bb custom_padding=\u00a0\u00bb0px||||false|false\u00a0\u00bb global_colors_info=\u00a0\u00bb{}\u00a0\u00bb]<\/p>\n<p style=\"text-align: center;\"><strong>Le signalement\u00a0<\/strong><\/p>\n<p>[\/et_pb_text][et_pb_text _builder_version=\u00a0\u00bb4.27.4&Prime; _module_preset=\u00a0\u00bbdefault\u00a0\u00bb custom_margin=\u00a0\u00bb10px||10px||false|false\u00a0\u00bb custom_padding=\u00a0\u00bb||0px|||\u00a0\u00bb global_colors_info=\u00a0\u00bb{}\u00a0\u00bb]<\/p>\n<p style=\"text-align: center;\"><span style=\"color: #0000ff;\"><strong>Vous \u00eates victime ou t\u00e9moin de violence sexuelle, de sexisme, de racisme, d\u2019antis\u00e9mitisme, de bizutage, de harc\u00e8lement, \u2026, dans le champ du sport, vous devez effectuer un signalement.<\/strong><\/span><\/p>\n<p style=\"text-align: center;\"><span style=\"color: #0000ff;\"><strong>\ud83d\udc49\u00a0 aupr\u00e8s du r\u00e9f\u00e9rent territorial par mail \u00e0 l\u2019adresse suivante :<br \/><\/strong><\/span><\/p>\n<p style=\"text-align: center;\"><span style=\"text-decoration: underline;\"><span style=\"color: #0000ff;\"><strong><a href=\"mailto:5900000.ref-integrite@ffhandball.net\" style=\"color: #0000ff; text-decoration: underline;\">5900000.ref-integrite@ffhandball.net<\/a><\/strong><\/span><\/span><\/p>\n<p style=\"text-align: center;\"><em><span style=\"color: #000000;\">Le Pr\u00e9sident de ligue de Normandie a enti\u00e8rement d\u00e9l\u00e9gu\u00e9 cette mission au r\u00e9f\u00e9rent territorial qui sera <strong><u>le seul destinataire<\/u><\/strong> des signalements,<\/span><\/em><br \/><em><span style=\"color: #000000;\">qu\u2019il traitera de fa\u00e7on strictement confidentielle en lien avec la cellule f\u00e9d\u00e9rale. <strong><a href=\"mailto:5900000.ref-integrite@ffhandball.net\" style=\"color: #000000;\"><\/a><\/strong>Sauf cas de force majeure, une r\u00e9ponse est adress\u00e9e dans un d\u00e9lai maximum de 24 heures pour accuser r\u00e9ception, informer des suites donn\u00e9es au signalement et \u00e9ventuellement demander des informations compl\u00e9mentaires.<\/span><\/em><\/p>\n<p style=\"text-align: center;\"><strong><span style=\"color: #0000ff;\">\ud83d\udc49\u00a0 \u00a0Vous pouvez aussi alerter directement la cellule de signalement de la F\u00e9d\u00e9ration Fran\u00e7aise de Handball<\/span><\/strong><\/p>\n<p style=\"text-align: center;\"><span style=\"text-decoration: underline;\"><span style=\"color: #0000ff;\"><strong><a href=\"https:\/\/signal.ffhandball.fr\/\" target=\"_blank\" rel=\"noopener\" style=\"color: #0000ff; text-decoration: underline;\">Je signale<\/a><\/strong><\/span><\/span><\/p>\n<p>[\/et_pb_text][\/et_pb_column][\/et_pb_row][et_pb_row _builder_version=\u00a0\u00bb4.16&Prime; _module_preset=\u00a0\u00bbdefault\u00a0\u00bb background_color=\u00a0\u00bb#FFFFFF\u00a0\u00bb global_colors_info=\u00a0\u00bb{}\u00a0\u00bb][et_pb_column type=\u00a0\u00bb4_4&Prime; _builder_version=\u00a0\u00bb4.16&Prime; _module_preset=\u00a0\u00bbdefault\u00a0\u00bb global_colors_info=\u00a0\u00bb{}\u00a0\u00bb][et_pb_text _builder_version=\u00a0\u00bb4.16&Prime; _module_preset=\u00a0\u00bbdefault\u00a0\u00bb text_font=\u00a0\u00bb|700|||||||\u00a0\u00bb text_text_color=\u00a0\u00bb#FFFFFF\u00a0\u00bb text_font_size=\u00a0\u00bb16px\u00a0\u00bb background_color=\u00a0\u00bb#006eb7&Prime; custom_margin=\u00a0\u00bb15px||1px||false|false\u00a0\u00bb custom_padding=\u00a0\u00bb0px||||false|false\u00a0\u00bb global_colors_info=\u00a0\u00bb{}\u00a0\u00bb]<\/p>\n<p style=\"text-align: center;\"><strong>Tous unis contre les violences<br \/><\/strong><strong>Num\u00e9ro d\u2019\u00e9coute et d\u2019aide<\/strong><\/p>\n<p>[\/et_pb_text][et_pb_image src=\u00a0\u00bbhttps:\/\/www.handball-normandie.fr\/wp-content\/uploads\/2021\/04\/Capture-decran-2021-04-14-a-10.43.58.png\u00a0\u00bb title_text=\u00a0\u00bbCapture d\u2019\u00e9cran 2021-04-14 \u00e0 10.43.58&Prime; align=\u00a0\u00bbcenter\u00a0\u00bb _builder_version=\u00a0\u00bb4.27.4&Prime; _module_preset=\u00a0\u00bbdefault\u00a0\u00bb width=\u00a0\u00bb54%\u00a0\u00bb custom_padding=\u00a0\u00bb15px|30px|15px|30px|false|false\u00a0\u00bb global_colors_info=\u00a0\u00bb{}\u00a0\u00bb][\/et_pb_image][et_pb_text _builder_version=\u00a0\u00bb4.16&Prime; _module_preset=\u00a0\u00bbdefault\u00a0\u00bb text_text_color=\u00a0\u00bb#FFFFFF\u00a0\u00bb background_color=\u00a0\u00bb#006eb7&Prime; custom_margin=\u00a0\u00bb15px||1px||false|false\u00a0\u00bb custom_padding=\u00a0\u00bb0px||||false|false\u00a0\u00bb global_colors_info=\u00a0\u00bb{}\u00a0\u00bb]<\/p>\n<p style=\"text-align: center;\"><strong>Documents utiles<\/strong><\/p>\n<p>[\/et_pb_text][et_pb_text _builder_version=\u00a0\u00bb4.27.4&Prime; _module_preset=\u00a0\u00bbdefault\u00a0\u00bb text_orientation=\u00a0\u00bbjustified\u00a0\u00bb custom_margin=\u00a0\u00bb10px||10px||false|false\u00a0\u00bb custom_padding=\u00a0\u00bb|20px|0px|20px|false|false\u00a0\u00bb global_colors_info=\u00a0\u00bb{}\u00a0\u00bb]<\/p>\n<ul>\n<li><span style=\"color: #0000ff;\"><strong><u>Prot\u00e9ger les pratiquants<\/u><\/strong>:<\/span> <a href=\"https:\/\/www.sports.gouv.fr\/ethique-integrite\/proteger-les-pratiquants\/boite-a-outils\/article\/boite-a-outils\" target=\"_blank\" rel=\"noopener\">victimes de violences sexuelles, de bizutage et de harc\u00e8lement dans le champ du sport\u00a0: les contacts sur lesquels vous pouvez vous appuyer<\/a><\/li>\n<\/ul>\n<ul>\n<li><span><\/span><span style=\"color: #0000ff;\"><strong><u>Pr\u00e9venir les discriminations<\/u><\/strong>:<\/span> <a href=\"https:\/\/www.sports.gouv.fr\/ethique-integrite\/prevenir-les-discriminations\/boite-a-outils\/\" target=\"_blank\" rel=\"noopener\">victimes de racisme, d\u2019antis\u00e9mitisme, de haine LGBT+ et de sexisme dans le champ du sport\u00a0: les contacts sur lesquels vous pouvez vous appuyer<\/a><\/li>\n<li><span style=\"color: #0000ff;\"><strong>Tous unis contre les violences<\/strong>\u00a0:<\/span> <a href=\"https:\/\/youtu.be\/-4KbchqWluE\" target=\"_blank\" rel=\"noopener\">Clip de pr\u00e9sentation<\/a><\/li>\n<\/ul>\n<p><a href=\"https:\/\/www.handball-normandie.fr\/index.php\/contrat-dengagement-republicain\/\">\u00a0 \u00a0 \u00a0 Contrat d&rsquo;engagement r\u00e9publicain\u00a0<\/a><br \/><strong><\/strong><\/p>\n<ul>\n<li><a href=\"https:\/\/doc.ffhandball.fr\/modules\/webportal\/results.php?op=classement&amp;idclassement=8913&amp;idbase=14&amp;search_mode=solr&amp;fa=9285\" target=\"_blank\" rel=\"noopener\"><strong><span style=\"color: #0000ff;\">Centre de ressources FFHB<\/span><\/strong><\/a><\/li>\n<li><a href=\"https:\/\/kitcom.ffhandball.fr\/creation?tag=6\" target=\"_blank\" rel=\"noopener\"><strong><span style=\"color: #0000ff;\">Kit de communication\u00a0<\/span><\/strong><\/a><\/li>\n<\/ul>\n<p>[\/et_pb_text][\/et_pb_column][\/et_pb_row][et_pb_row _builder_version=\u00a0\u00bb4.16&Prime; _module_preset=\u00a0\u00bbdefault\u00a0\u00bb background_color=\u00a0\u00bb#FFFFFF\u00a0\u00bb global_colors_info=\u00a0\u00bb{}\u00a0\u00bb][et_pb_column type=\u00a0\u00bb4_4&Prime; _builder_version=\u00a0\u00bb4.16&Prime; _module_preset=\u00a0\u00bbdefault\u00a0\u00bb global_colors_info=\u00a0\u00bb{}\u00a0\u00bb][\/et_pb_column][\/et_pb_row][\/et_pb_section]<\/p>\n","protected":false},"excerpt":{"rendered":"<p>int\u00e9grit\u00e9 \/Citoyennet\u00e9 Depuis octobre 2018, la F\u00e9d\u00e9ration fran\u00e7aise de Handball a engag\u00e9 un travail global visant \u00e0 renforcer son dispositif de pr\u00e9vention des d\u00e9viances, notamment sexuelles, et de protection de l\u2019int\u00e9grit\u00e9 des pratiquants.Lanc\u00e9 officiellement en octobre 2020, le plan f\u00e9d\u00e9ral de pr\u00e9vention de toutes les violences est mis en place et structur\u00e9 autour de 5 [&hellip;]<\/p>\n","protected":false},"author":1,"featured_media":0,"parent":0,"menu_order":0,"comment_status":"closed","ping_status":"closed","template":"","meta":{"_bbp_topic_count":0,"_bbp_reply_count":0,"_bbp_total_topic_count":0,"_bbp_total_reply_count":0,"_bbp_voice_count":0,"_bbp_anonymous_reply_count":0,"_bbp_topic_count_hidden":0,"_bbp_reply_count_hidden":0,"_bbp_forum_subforum_count":0,"_et_pb_use_builder":"on","_et_pb_old_content":"","_et_gb_content_width":"","footnotes":""},"class_list":["post-181","page","type-page","status-publish","hentry"],"_links":{"self":[{"href":"https:\/\/www.handball-normandie.fr\/index.php\/wp-json\/wp\/v2\/pages\/181","targetHints":{"allow":["GET"]}}],"collection":[{"href":"https:\/\/www.handball-normandie.fr\/index.php\/wp-json\/wp\/v2\/pages"}],"about":[{"href":"https:\/\/www.handball-normandie.fr\/index.php\/wp-json\/wp\/v2\/types\/page"}],"author":[{"embeddable":true,"href":"https:\/\/www.handball-normandie.fr\/index.php\/wp-json\/wp\/v2\/users\/1"}],"replies":[{"embeddable":true,"href":"https:\/\/www.handball-normandie.fr\/index.php\/wp-json\/wp\/v2\/comments?post=181"}],"version-history":[{"count":86,"href":"https:\/\/www.handball-normandie.fr\/index.php\/wp-json\/wp\/v2\/pages\/181\/revisions"}],"predecessor-version":[{"id":12676,"href":"https:\/\/www.handball-normandie.fr\/index.php\/wp-json\/wp\/v2\/pages\/181\/revisions\/12676"}],"wp:attachment":[{"href":"https:\/\/www.handball-normandie.fr\/index.php\/wp-json\/wp\/v2\/media?parent=181"}],"curies":[{"name":"wp","href":"https:\/\/api.w.org\/{rel}","templated":true}]}}