{"id":165,"date":"2020-11-19T17:54:25","date_gmt":"2020-11-19T16:54:25","guid":{"rendered":"http:\/\/itfenok.cluster028.hosting.ovh.net\/?page_id=165"},"modified":"2023-07-11T15:11:01","modified_gmt":"2023-07-11T13:11:01","slug":"licences","status":"publish","type":"page","link":"https:\/\/www.handball-normandie.fr\/index.php\/licences\/","title":{"rendered":"Circulaire Administrative"},"content":{"rendered":"<p>[et_pb_section fb_built=\u00a0\u00bb1&Prime; _builder_version=\u00a0\u00bb4.16&Prime; _module_preset=\u00a0\u00bbdefault\u00a0\u00bb background_image=\u00a0\u00bbhttp:\/\/itfenok.cluster028.hosting.ovh.net\/wp-content\/uploads\/2021\/01\/business-team-working-office-worker-concept-scaled.jpg\u00a0\u00bb min_height=\u00a0\u00bb170px\u00a0\u00bb custom_margin=\u00a0\u00bb||10px||false|false\u00a0\u00bb custom_padding=\u00a0\u00bb||4px|||\u00a0\u00bb global_colors_info=\u00a0\u00bb{}\u00a0\u00bb][et_pb_row _builder_version=\u00a0\u00bb4.19.4&Prime; _module_preset=\u00a0\u00bbdefault\u00a0\u00bb custom_margin=\u00a0\u00bb||||false|false\u00a0\u00bb global_colors_info=\u00a0\u00bb{}\u00a0\u00bb][et_pb_column type=\u00a0\u00bb4_4&Prime; _builder_version=\u00a0\u00bb4.16&Prime; _module_preset=\u00a0\u00bbdefault\u00a0\u00bb global_colors_info=\u00a0\u00bb{}\u00a0\u00bb][et_pb_text _builder_version=\u00a0\u00bb4.19.4&Prime; _module_preset=\u00a0\u00bbdefault\u00a0\u00bb text_font=\u00a0\u00bb|800||on|||||\u00a0\u00bb text_text_color=\u00a0\u00bb#FFFFFF\u00a0\u00bb text_font_size=\u00a0\u00bb34px\u00a0\u00bb text_line_height=\u00a0\u00bb1.8em\u00a0\u00bb text_orientation=\u00a0\u00bbcenter\u00a0\u00bb custom_margin=\u00a0\u00bb20px||||false|false\u00a0\u00bb text_text_shadow_style=\u00a0\u00bbpreset2&Prime; global_colors_info=\u00a0\u00bb{}\u00a0\u00bb]<\/p>\n<p>circulaire<br \/>administrative<\/p>\n<p>[\/et_pb_text][\/et_pb_column][\/et_pb_row][\/et_pb_section][et_pb_section fb_built=\u00a0\u00bb1&Prime; _builder_version=\u00a0\u00bb4.19.4&Prime; _module_preset=\u00a0\u00bbdefault\u00a0\u00bb background_image=\u00a0\u00bbhttp:\/\/itfenok.cluster028.hosting.ovh.net\/wp-content\/uploads\/2020\/12\/Logo_Mono_15.png\u00a0\u00bb custom_margin=\u00a0\u00bb||||false|false\u00a0\u00bb custom_padding=\u00a0\u00bb||||false|false\u00a0\u00bb global_colors_info=\u00a0\u00bb{}\u00a0\u00bb][et_pb_row _builder_version=\u00a0\u00bb4.21.0&Prime; _module_preset=\u00a0\u00bbdefault\u00a0\u00bb][et_pb_column _builder_version=\u00a0\u00bb4.21.0&Prime; _module_preset=\u00a0\u00bbdefault\u00a0\u00bb type=\u00a0\u00bb4_4&Prime;][et_pb_accordion _builder_version=\u00a0\u00bb4.21.0&Prime; _module_preset=\u00a0\u00bbdefault\u00a0\u00bb hover_enabled=\u00a0\u00bb0&Prime; sticky_enabled=\u00a0\u00bb0&Prime;][et_pb_accordion_item title=\u00a0\u00bbCirculaire administrative \u00a0\u00bb _builder_version=\u00a0\u00bb4.21.0&Prime; _module_preset=\u00a0\u00bbdefault\u00a0\u00bb open=\u00a0\u00bbon\u00a0\u00bb hover_enabled=\u00a0\u00bb0&Prime; sticky_enabled=\u00a0\u00bb0&Prime;]<\/p>\n<p><a href=\"https:\/\/www.handball-normandie.fr\/wp-content\/uploads\/2023\/07\/1-Fiche-Club-2022-2023.docx\">T\u00e9l\u00e9charger la fiche club <\/a><br \/><a href=\"https:\/\/www.handball-normandie.fr\/wp-content\/uploads\/2023\/07\/2022-23-Attestation-dhonorabilite.pdf\"><\/a><a href=\"https:\/\/www.handball-normandie.fr\/wp-content\/uploads\/2023\/07\/2022-23-Attestation-de-sante-et-questionnaire-MAJEUR.pdf\">Questionnaire de sant\u00e9 (licenci\u00e9 majeur)<\/a><a href=\"https:\/\/www.handball-normandie.fr\/wp-content\/uploads\/2023\/07\/2022-23-Attestation-dhonorabilite.pdf\"><br \/><\/a><a href=\"https:\/\/www.handball-normandie.fr\/wp-content\/uploads\/2023\/07\/2022-23-Attestation-de-sante-et-questionnaire-MINEUR.pdf\">Questionnaire de sant\u00e9 (licenci\u00e9 mineur)<\/a><a href=\"https:\/\/www.handball-normandie.fr\/wp-content\/uploads\/2023\/07\/1-Fiche-Club-2022-2023.docx\"><br \/><\/a><a href=\"https:\/\/www.handball-normandie.fr\/wp-content\/uploads\/2023\/07\/2022-23-Attestation-dhonorabilite.pdf\">Attestation d&rsquo;honorabilit\u00e9<\/a><br \/><a href=\"https:\/\/www.handball-normandie.fr\/wp-content\/uploads\/2023\/07\/2022-23-Autorisation-parentale.pdf\">Autorisation parentale<\/a><br \/><a href=\"https:\/\/www.handball-normandie.fr\/wp-content\/uploads\/2023\/07\/2022-23-Certificat-medical.pdf\">Certificat m\u00e9dical<\/a><br \/><a href=\"https:\/\/www.handball-normandie.fr\/wp-content\/uploads\/2023\/07\/2022-23-Licence-blanche-demande-avec-autorisation-de-jouer.pdf\">Licence blanche &#8211; demande avec autorisation de jouer<\/a><br \/><a href=\"https:\/\/www.handball-normandie.fr\/wp-content\/uploads\/2023\/07\/2022-23-Licence-blanche-demande-simple.pdf\">Licence blanche &#8211; demande simple<\/a><br \/><a href=\"https:\/\/www.handball-normandie.fr\/wp-content\/uploads\/2023\/07\/2022-23-Modele-refus-garantie-individuelle-accident.pdf\">Mod\u00e8le refus garantie individuelle accident<\/a><br \/><a href=\"https:\/\/www.handball-normandie.fr\/wp-content\/uploads\/2023\/07\/2022-23-Mutation-demande-de-gratuite.pdf\">Mutation &#8211; demande de gratuit\u00e9<\/a><br \/><a href=\"https:\/\/www.handball-normandie.fr\/wp-content\/uploads\/2023\/07\/2022-23-Mutation-hors-periode-sans-justificatif.pdf\">Mutation hors p\u00e9riode sans justificatif<\/a><br \/><a href=\"https:\/\/www.handball-normandie.fr\/wp-content\/uploads\/2023\/07\/CMCD-Rattachement-licence-blanche.pdf\">CMCD &#8211; Rattachement licence blanche<\/a><br \/><a href=\"https:\/\/www.handball-normandie.fr\/wp-content\/uploads\/2023\/07\/CMCD-Rattachement-suite-mutations-arbitres-techniciens.pdf\">CMCD &#8211; Rattachement suite mutations (arbitres, techniciens)<\/a><br \/><a href=\"https:\/\/www.handball-normandie.fr\/wp-content\/uploads\/2023\/07\/Note-intersaison-2023.pdf\">Note intersaison 2023<\/a><\/p>\n<p><a href=\"https:\/\/www.handball-normandie.fr\/wp-content\/uploads\/2023\/07\/1-Fiche-Club-2022-2023.docx\"><\/a><\/p>\n<p>[\/et_pb_accordion_item][\/et_pb_accordion][\/et_pb_column][\/et_pb_row][\/et_pb_section]<\/p>\n","protected":false},"excerpt":{"rendered":"<p>circulaireadministrativeT\u00e9l\u00e9charger la fiche club Questionnaire de sant\u00e9 (licenci\u00e9 majeur)Questionnaire de sant\u00e9 (licenci\u00e9 mineur)Attestation d&rsquo;honorabilit\u00e9Autorisation parentaleCertificat m\u00e9dicalLicence blanche &#8211; demande avec autorisation de jouerLicence blanche &#8211; demande simpleMod\u00e8le refus garantie individuelle accidentMutation &#8211; demande de gratuit\u00e9Mutation hors p\u00e9riode sans justificatifCMCD &#8211; Rattachement licence blancheCMCD &#8211; Rattachement suite mutations (arbitres, techniciens)Note intersaison 2023<\/p>\n","protected":false},"author":1,"featured_media":0,"parent":0,"menu_order":0,"comment_status":"closed","ping_status":"closed","template":"","meta":{"_bbp_topic_count":0,"_bbp_reply_count":0,"_bbp_total_topic_count":0,"_bbp_total_reply_count":0,"_bbp_voice_count":0,"_bbp_anonymous_reply_count":0,"_bbp_topic_count_hidden":0,"_bbp_reply_count_hidden":0,"_bbp_forum_subforum_count":0,"_et_pb_use_builder":"on","_et_pb_old_content":"","_et_gb_content_width":"","footnotes":""},"class_list":["post-165","page","type-page","status-publish","hentry"],"_links":{"self":[{"href":"https:\/\/www.handball-normandie.fr\/index.php\/wp-json\/wp\/v2\/pages\/165","targetHints":{"allow":["GET"]}}],"collection":[{"href":"https:\/\/www.handball-normandie.fr\/index.php\/wp-json\/wp\/v2\/pages"}],"about":[{"href":"https:\/\/www.handball-normandie.fr\/index.php\/wp-json\/wp\/v2\/types\/page"}],"author":[{"embeddable":true,"href":"https:\/\/www.handball-normandie.fr\/index.php\/wp-json\/wp\/v2\/users\/1"}],"replies":[{"embeddable":true,"href":"https:\/\/www.handball-normandie.fr\/index.php\/wp-json\/wp\/v2\/comments?post=165"}],"version-history":[{"count":40,"href":"https:\/\/www.handball-normandie.fr\/index.php\/wp-json\/wp\/v2\/pages\/165\/revisions"}],"predecessor-version":[{"id":9204,"href":"https:\/\/www.handball-normandie.fr\/index.php\/wp-json\/wp\/v2\/pages\/165\/revisions\/9204"}],"wp:attachment":[{"href":"https:\/\/www.handball-normandie.fr\/index.php\/wp-json\/wp\/v2\/media?parent=165"}],"curies":[{"name":"wp","href":"https:\/\/api.w.org\/{rel}","templated":true}]}}