{"id":12209,"date":"2025-05-27T11:31:10","date_gmt":"2025-05-27T09:31:10","guid":{"rendered":"https:\/\/www.handball-normandie.fr\/?page_id=12209"},"modified":"2025-06-10T13:11:43","modified_gmt":"2025-06-10T11:11:43","slug":"assemblee-generale-2025","status":"publish","type":"page","link":"https:\/\/www.handball-normandie.fr\/index.php\/assemblee-generale-2025\/","title":{"rendered":"ASSEMBL\u00c9E G\u00c9N\u00c9RALE 2025"},"content":{"rendered":"<p>[et_pb_section fb_built=\u00a0\u00bb1&Prime; _builder_version=\u00a0\u00bb4.27.4&Prime; _module_preset=\u00a0\u00bbdefault\u00a0\u00bb global_colors_info=\u00a0\u00bb{}\u00a0\u00bb][et_pb_row _builder_version=\u00a0\u00bb4.27.4&Prime; _module_preset=\u00a0\u00bbdefault\u00a0\u00bb custom_margin=\u00a0\u00bb||-461px||false|false\u00a0\u00bb custom_margin_tablet=\u00a0\u00bb||-461px||false|false\u00a0\u00bb custom_margin_phone=\u00a0\u00bb||-461px||false|false\u00a0\u00bb custom_margin_last_edited=\u00a0\u00bbon|desktop\u00a0\u00bb global_colors_info=\u00a0\u00bb{}\u00a0\u00bb][et_pb_column type=\u00a0\u00bb4_4&Prime; _builder_version=\u00a0\u00bb4.27.4&Prime; _module_preset=\u00a0\u00bbdefault\u00a0\u00bb global_colors_info=\u00a0\u00bb{}\u00a0\u00bb][et_pb_image src=\u00a0\u00bbhttps:\/\/www.handball-normandie.fr\/wp-content\/uploads\/2025\/05\/Plan-de-travail-1.png\u00a0\u00bb title_text=\u00a0\u00bbPlan de travail 1&Prime; align=\u00a0\u00bbcenter\u00a0\u00bb _builder_version=\u00a0\u00bb4.27.4&Prime; _module_preset=\u00a0\u00bbdefault\u00a0\u00bb max_width=\u00a0\u00bb48%\u00a0\u00bb max_width_tablet=\u00a0\u00bb48%\u00a0\u00bb max_width_phone=\u00a0\u00bb48%\u00a0\u00bb max_width_last_edited=\u00a0\u00bbon|desktop\u00a0\u00bb global_colors_info=\u00a0\u00bb{}\u00a0\u00bb max_width__hover_enabled=\u00a0\u00bbon|desktop\u00a0\u00bb max_width__hover=\u00a0\u00bb48%\u00a0\u00bb][\/et_pb_image][\/et_pb_column][\/et_pb_row][et_pb_row _builder_version=\u00a0\u00bb4.27.4&Prime; _module_preset=\u00a0\u00bbdefault\u00a0\u00bb custom_margin=\u00a0\u00bb||-461px||false|false\u00a0\u00bb custom_margin_tablet=\u00a0\u00bb||-461px||false|false\u00a0\u00bb custom_margin_phone=\u00a0\u00bb||-461px||false|false\u00a0\u00bb custom_margin_last_edited=\u00a0\u00bbon|desktop\u00a0\u00bb global_colors_info=\u00a0\u00bb{}\u00a0\u00bb][et_pb_column type=\u00a0\u00bb4_4&Prime; _builder_version=\u00a0\u00bb4.27.4&Prime; _module_preset=\u00a0\u00bbdefault\u00a0\u00bb global_colors_info=\u00a0\u00bb{}\u00a0\u00bb][\/et_pb_column][\/et_pb_row][et_pb_row _builder_version=\u00a0\u00bb4.27.4&Prime; _module_preset=\u00a0\u00bbdefault\u00a0\u00bb global_colors_info=\u00a0\u00bb{}\u00a0\u00bb][et_pb_column type=\u00a0\u00bb4_4&Prime; _builder_version=\u00a0\u00bb4.27.4&Prime; _module_preset=\u00a0\u00bbdefault\u00a0\u00bb global_colors_info=\u00a0\u00bb{}\u00a0\u00bb][et_pb_text _builder_version=\u00a0\u00bb4.27.4&Prime; _module_preset=\u00a0\u00bbdefault\u00a0\u00bb text_font=\u00a0\u00bbMontserrat||||||||\u00a0\u00bb text_text_color=\u00a0\u00bb#000000&Prime; custom_margin=\u00a0\u00bb12px||0px||false|false\u00a0\u00bb custom_margin_tablet=\u00a0\u00bb12px||0px||false|false\u00a0\u00bb custom_margin_phone=\u00a0\u00bb12px||0px||false|false\u00a0\u00bb custom_margin_last_edited=\u00a0\u00bbon|desktop\u00a0\u00bb global_colors_info=\u00a0\u00bb{}\u00a0\u00bb]<\/p>\n<h3 data-start=\"131\" data-end=\"192\"><span style=\"color: #000000;\"><strong>Chers clubs, dirigeants normands,<\/strong><\/span><\/h3>\n<p data-start=\"194\" data-end=\"323\">Nous avons le plaisir de vous convier \u00e0 l\u2019<strong data-start=\"236\" data-end=\"305\">Assembl\u00e9e G\u00e9n\u00e9rale Ordinaire de la Ligue de Normandie de Handball<\/strong>, qui se tiendra :<\/p>\n<p data-start=\"325\" data-end=\"425\">\ud83d\udcc5 <strong data-start=\"328\" data-end=\"359\">Le samedi 7 Juin<br \/>\ud83d\udd58 \u00c0 partir de 12h45<\/strong><br data-start=\"398\" data-end=\"401\" \/>\ud83d\udccd <strong>INSA ROUEN<\/strong> &#8211; <strong data-start=\"404\" data-end=\"425\">685 Avenue de l&rsquo;Universit\u00e9, 76800 Saint-\u00c9tienne-Du-Rouvray<\/strong><\/p>\n<p data-start=\"658\" data-end=\"748\">\ud83d\udd0e Vous trouverez ci-dessous l\u2019ensemble des documents relatifs \u00e0 cette Assembl\u00e9e G\u00e9n\u00e9rale.<\/p>\n<p data-start=\"750\" data-end=\"836\">Nous comptons sur votre pr\u00e9sence et votre participation active.<br data-start=\"813\" data-end=\"816\" \/><strong data-start=\"816\" data-end=\"836\">\u00c0 tr\u00e8s bient\u00f4t !<\/strong><\/p>\n<p>[\/et_pb_text][\/et_pb_column][\/et_pb_row][et_pb_row column_structure=\u00a0\u00bb1_5,1_5,1_5,1_5,1_5&Prime; _builder_version=\u00a0\u00bb4.27.4&Prime; _module_preset=\u00a0\u00bbdefault\u00a0\u00bb custom_margin=\u00a0\u00bb15px||22px||false|false\u00a0\u00bb custom_margin_tablet=\u00a0\u00bb15px||22px||false|false\u00a0\u00bb custom_margin_phone=\u00a0\u00bb15px||22px||false|false\u00a0\u00bb custom_margin_last_edited=\u00a0\u00bbon|desktop\u00a0\u00bb global_colors_info=\u00a0\u00bb{}\u00a0\u00bb][et_pb_column type=\u00a0\u00bb1_5&Prime; _builder_version=\u00a0\u00bb4.27.4&Prime; _module_preset=\u00a0\u00bbdefault\u00a0\u00bb global_colors_info=\u00a0\u00bb{}\u00a0\u00bb][et_pb_button button_url=\u00a0\u00bbhttps:\/\/www.handball-normandie.fr\/wp-content\/uploads\/2025\/06\/Mandat-AG-2025.pdf\u00a0\u00bb button_text=\u00a0\u00bbCONVOCATION\u00a0\u00bb button_alignment=\u00a0\u00bbcenter\u00a0\u00bb _builder_version=\u00a0\u00bb4.27.4&Prime; _module_preset=\u00a0\u00bbdefault\u00a0\u00bb custom_button=\u00a0\u00bbon\u00a0\u00bb button_text_size=\u00a0\u00bb14px\u00a0\u00bb button_text_color=\u00a0\u00bb#FFFFFF\u00a0\u00bb button_bg_color=\u00a0\u00bb#193D6E\u00a0\u00bb button_border_width=\u00a0\u00bb0px\u00a0\u00bb button_border_color=\u00a0\u00bbRGBA(255,255,255,0)\u00a0\u00bb button_border_radius=\u00a0\u00bb12px\u00a0\u00bb button_font=\u00a0\u00bbMontserrat||||||||\u00a0\u00bb button_icon=\u00a0\u00bb&#x47;||divi||400&Prime; button_icon_color=\u00a0\u00bb#FFFFFF\u00a0\u00bb button_icon_placement=\u00a0\u00bbleft\u00a0\u00bb button_on_hover=\u00a0\u00bboff\u00a0\u00bb global_colors_info=\u00a0\u00bb{}\u00a0\u00bb][\/et_pb_button][\/et_pb_column][et_pb_column type=\u00a0\u00bb1_5&Prime; _builder_version=\u00a0\u00bb4.27.4&Prime; _module_preset=\u00a0\u00bbdefault\u00a0\u00bb global_colors_info=\u00a0\u00bb{}\u00a0\u00bb][et_pb_button button_url=\u00a0\u00bbhttps:\/\/www.handball-normandie.fr\/wp-content\/uploads\/2025\/05\/1-Mandat-AG-2025.pdf\u00a0\u00bb button_text=\u00a0\u00bbMANDAT \u00a0\u00bb button_alignment=\u00a0\u00bbcenter\u00a0\u00bb _builder_version=\u00a0\u00bb4.27.4&Prime; _module_preset=\u00a0\u00bbdefault\u00a0\u00bb custom_button=\u00a0\u00bbon\u00a0\u00bb button_text_size=\u00a0\u00bb14px\u00a0\u00bb button_text_color=\u00a0\u00bb#FFFFFF\u00a0\u00bb button_bg_color=\u00a0\u00bb#193D6E\u00a0\u00bb button_border_width=\u00a0\u00bb0px\u00a0\u00bb button_border_color=\u00a0\u00bbRGBA(255,255,255,0)\u00a0\u00bb button_border_radius=\u00a0\u00bb12px\u00a0\u00bb button_font=\u00a0\u00bbMontserrat||||||||\u00a0\u00bb button_icon=\u00a0\u00bb&#x47;||divi||400&Prime; button_icon_color=\u00a0\u00bb#FFFFFF\u00a0\u00bb button_icon_placement=\u00a0\u00bbleft\u00a0\u00bb button_on_hover=\u00a0\u00bboff\u00a0\u00bb global_colors_info=\u00a0\u00bb{}\u00a0\u00bb][\/et_pb_button][\/et_pb_column][et_pb_column type=\u00a0\u00bb1_5&Prime; _builder_version=\u00a0\u00bb4.27.4&Prime; _module_preset=\u00a0\u00bbdefault\u00a0\u00bb global_colors_info=\u00a0\u00bb{}\u00a0\u00bb][et_pb_button button_url=\u00a0\u00bbhttps:\/\/www.handball-normandie.fr\/wp-content\/uploads\/2025\/05\/2-OJ-PV-AG-2024-Bilans-2024-2025.pdf\u00a0\u00bb button_text=\u00a0\u00bbPV AG\u00a0\u00bb button_alignment=\u00a0\u00bbcenter\u00a0\u00bb _builder_version=\u00a0\u00bb4.27.4&Prime; _module_preset=\u00a0\u00bbdefault\u00a0\u00bb custom_button=\u00a0\u00bbon\u00a0\u00bb button_text_size=\u00a0\u00bb14px\u00a0\u00bb button_text_color=\u00a0\u00bb#FFFFFF\u00a0\u00bb button_bg_color=\u00a0\u00bb#193D6E\u00a0\u00bb button_border_width=\u00a0\u00bb0px\u00a0\u00bb button_border_color=\u00a0\u00bbRGBA(255,255,255,0)\u00a0\u00bb button_border_radius=\u00a0\u00bb12px\u00a0\u00bb button_font=\u00a0\u00bbMontserrat||||||||\u00a0\u00bb button_icon=\u00a0\u00bb&#x47;||divi||400&Prime; button_icon_color=\u00a0\u00bb#FFFFFF\u00a0\u00bb button_icon_placement=\u00a0\u00bbleft\u00a0\u00bb button_on_hover=\u00a0\u00bboff\u00a0\u00bb global_colors_info=\u00a0\u00bb{}\u00a0\u00bb][\/et_pb_button][\/et_pb_column][et_pb_column type=\u00a0\u00bb1_5&Prime; _builder_version=\u00a0\u00bb4.27.4&Prime; _module_preset=\u00a0\u00bbdefault\u00a0\u00bb global_colors_info=\u00a0\u00bb{}\u00a0\u00bb][et_pb_button button_url=\u00a0\u00bbhttps:\/\/www.handball-normandie.fr\/wp-content\/uploads\/2025\/05\/3-Voeux-Projets-2024-2025.pdf\u00a0\u00bb button_text=\u00a0\u00bbVOEUX &#8211; PROJETS\u00a0\u00bb button_alignment=\u00a0\u00bbcenter\u00a0\u00bb _builder_version=\u00a0\u00bb4.27.4&Prime; _module_preset=\u00a0\u00bbdefault\u00a0\u00bb custom_button=\u00a0\u00bbon\u00a0\u00bb button_text_size=\u00a0\u00bb13px\u00a0\u00bb button_text_color=\u00a0\u00bb#FFFFFF\u00a0\u00bb button_bg_color=\u00a0\u00bb#193D6E\u00a0\u00bb button_border_width=\u00a0\u00bb0px\u00a0\u00bb button_border_color=\u00a0\u00bbRGBA(255,255,255,0)\u00a0\u00bb button_border_radius=\u00a0\u00bb12px\u00a0\u00bb button_font=\u00a0\u00bbMontserrat||||||||\u00a0\u00bb button_icon=\u00a0\u00bb&#x47;||divi||400&Prime; button_icon_color=\u00a0\u00bb#FFFFFF\u00a0\u00bb button_icon_placement=\u00a0\u00bbleft\u00a0\u00bb button_on_hover=\u00a0\u00bboff\u00a0\u00bb global_colors_info=\u00a0\u00bb{}\u00a0\u00bb][\/et_pb_button][\/et_pb_column][et_pb_column type=\u00a0\u00bb1_5&Prime; _builder_version=\u00a0\u00bb4.27.4&Prime; _module_preset=\u00a0\u00bbdefault\u00a0\u00bb global_colors_info=\u00a0\u00bb{}\u00a0\u00bb][et_pb_button button_url=\u00a0\u00bbhttps:\/\/www.handball-normandie.fr\/wp-content\/uploads\/2025\/05\/4-Tresorerie-2024-Budget-2025-AG-2025.pdf\u00a0\u00bb button_text=\u00a0\u00bbTR\u00c9SORIE\u00a0\u00bb button_alignment=\u00a0\u00bbcenter\u00a0\u00bb _builder_version=\u00a0\u00bb4.27.4&Prime; _module_preset=\u00a0\u00bbdefault\u00a0\u00bb custom_button=\u00a0\u00bbon\u00a0\u00bb button_text_size=\u00a0\u00bb14px\u00a0\u00bb button_text_color=\u00a0\u00bb#FFFFFF\u00a0\u00bb button_bg_color=\u00a0\u00bb#193D6E\u00a0\u00bb button_border_width=\u00a0\u00bb0px\u00a0\u00bb button_border_color=\u00a0\u00bbRGBA(255,255,255,0)\u00a0\u00bb button_border_radius=\u00a0\u00bb12px\u00a0\u00bb button_font=\u00a0\u00bbMontserrat||||||||\u00a0\u00bb button_icon=\u00a0\u00bb&#x47;||divi||400&Prime; button_icon_color=\u00a0\u00bb#FFFFFF\u00a0\u00bb button_icon_placement=\u00a0\u00bbleft\u00a0\u00bb button_on_hover=\u00a0\u00bboff\u00a0\u00bb global_colors_info=\u00a0\u00bb{}\u00a0\u00bb][\/et_pb_button][\/et_pb_column][\/et_pb_row][et_pb_row column_structure=\u00a0\u00bb1_4,1_4,1_4,1_4&Prime; _builder_version=\u00a0\u00bb4.27.4&Prime; _module_preset=\u00a0\u00bbdefault\u00a0\u00bb custom_margin=\u00a0\u00bb15px||22px||false|false\u00a0\u00bb custom_margin_tablet=\u00a0\u00bb15px||22px||false|false\u00a0\u00bb custom_margin_phone=\u00a0\u00bb15px||22px||false|false\u00a0\u00bb custom_margin_last_edited=\u00a0\u00bbon|desktop\u00a0\u00bb global_colors_info=\u00a0\u00bb{}\u00a0\u00bb][et_pb_column type=\u00a0\u00bb1_4&Prime; _builder_version=\u00a0\u00bb4.27.4&Prime; _module_preset=\u00a0\u00bbdefault\u00a0\u00bb global_colors_info=\u00a0\u00bb{}\u00a0\u00bb][\/et_pb_column][et_pb_column type=\u00a0\u00bb1_4&Prime; _builder_version=\u00a0\u00bb4.27.4&Prime; _module_preset=\u00a0\u00bbdefault\u00a0\u00bb global_colors_info=\u00a0\u00bb{}\u00a0\u00bb][et_pb_button button_url=\u00a0\u00bbhttps:\/\/ffhandball-my.sharepoint.com\/:f:\/g\/personal\/5900000_com_ffhandball_net\/Eg5OJSfStN9HqFM1BJZBkdgBdKGDDARdcczgAMWLkX9bjQ?e=GpmL5f\u00a0\u00bb button_text=\u00a0\u00bbBOITE \u00c0 OUTILS\u00a0\u00bb button_alignment=\u00a0\u00bbcenter\u00a0\u00bb _builder_version=\u00a0\u00bb4.27.4&Prime; _module_preset=\u00a0\u00bbdefault\u00a0\u00bb custom_button=\u00a0\u00bbon\u00a0\u00bb button_text_size=\u00a0\u00bb14px\u00a0\u00bb button_text_color=\u00a0\u00bb#FFFFFF\u00a0\u00bb button_bg_color=\u00a0\u00bb#E52D1F\u00a0\u00bb button_border_width=\u00a0\u00bb0px\u00a0\u00bb button_border_color=\u00a0\u00bbRGBA(255,255,255,0)\u00a0\u00bb button_border_radius=\u00a0\u00bb12px\u00a0\u00bb button_font=\u00a0\u00bbMontserrat||||||||\u00a0\u00bb button_icon=\u00a0\u00bb&#x47;||divi||400&Prime; button_icon_color=\u00a0\u00bb#FFFFFF\u00a0\u00bb button_icon_placement=\u00a0\u00bbleft\u00a0\u00bb button_on_hover=\u00a0\u00bboff\u00a0\u00bb global_colors_info=\u00a0\u00bb{}\u00a0\u00bb][\/et_pb_button][\/et_pb_column][et_pb_column type=\u00a0\u00bb1_4&Prime; _builder_version=\u00a0\u00bb4.27.4&Prime; _module_preset=\u00a0\u00bbdefault\u00a0\u00bb global_colors_info=\u00a0\u00bb{}\u00a0\u00bb][et_pb_button button_url=\u00a0\u00bbhttps:\/\/ffhandball-my.sharepoint.com\/:f:\/g\/personal\/5900000_com_ffhandball_net\/Ej1187P2YhZDj8uWXWKW494BE3nKq1tJXc1QQZXj6QEc4w?e=pCvbt9&Prime; button_text=\u00a0\u00bbPHOTOS\u00a0\u00bb button_alignment=\u00a0\u00bbcenter\u00a0\u00bb _builder_version=\u00a0\u00bb4.27.4&Prime; _module_preset=\u00a0\u00bbdefault\u00a0\u00bb custom_button=\u00a0\u00bbon\u00a0\u00bb button_text_size=\u00a0\u00bb14px\u00a0\u00bb button_text_color=\u00a0\u00bb#FFFFFF\u00a0\u00bb button_bg_color=\u00a0\u00bb#E52D1F\u00a0\u00bb button_border_width=\u00a0\u00bb0px\u00a0\u00bb button_border_color=\u00a0\u00bbRGBA(255,255,255,0)\u00a0\u00bb button_border_radius=\u00a0\u00bb12px\u00a0\u00bb button_font=\u00a0\u00bbMontserrat||||||||\u00a0\u00bb button_icon=\u00a0\u00bb&#x47;||divi||400&Prime; button_icon_color=\u00a0\u00bb#FFFFFF\u00a0\u00bb button_icon_placement=\u00a0\u00bbleft\u00a0\u00bb button_on_hover=\u00a0\u00bboff\u00a0\u00bb hover_enabled=\u00a0\u00bb0&Prime; global_colors_info=\u00a0\u00bb{}\u00a0\u00bb sticky_enabled=\u00a0\u00bb0&Prime;][\/et_pb_button][\/et_pb_column][et_pb_column type=\u00a0\u00bb1_4&Prime; _builder_version=\u00a0\u00bb4.27.4&Prime; _module_preset=\u00a0\u00bbdefault\u00a0\u00bb global_colors_info=\u00a0\u00bb{}\u00a0\u00bb][\/et_pb_column][\/et_pb_row][et_pb_row _builder_version=\u00a0\u00bb4.27.4&Prime; _module_preset=\u00a0\u00bbdefault\u00a0\u00bb global_colors_info=\u00a0\u00bb{}\u00a0\u00bb][et_pb_column type=\u00a0\u00bb4_4&Prime; _builder_version=\u00a0\u00bb4.27.4&Prime; _module_preset=\u00a0\u00bbdefault\u00a0\u00bb global_colors_info=\u00a0\u00bb{}\u00a0\u00bb][et_pb_image src=\u00a0\u00bbhttps:\/\/www.handball-normandie.fr\/wp-content\/uploads\/2025\/05\/Programme-1024&#215;768-1.webp\u00a0\u00bb title_text=\u00a0\u00bbProgramme-1024&#215;768&Prime; align=\u00a0\u00bbcenter\u00a0\u00bb _builder_version=\u00a0\u00bb4.27.4&Prime; _module_preset=\u00a0\u00bbdefault\u00a0\u00bb max_width=\u00a0\u00bb60%\u00a0\u00bb max_width_tablet=\u00a0\u00bb60%\u00a0\u00bb max_width_phone=\u00a0\u00bb60%\u00a0\u00bb max_width_last_edited=\u00a0\u00bbon|desktop\u00a0\u00bb global_colors_info=\u00a0\u00bb{}\u00a0\u00bb max_width__hover_enabled=\u00a0\u00bbon|desktop\u00a0\u00bb max_width__hover=\u00a0\u00bb60%\u00a0\u00bb][\/et_pb_image][dsm_embed_google_map address=\u00a0\u00bbINSA ROUEN\u00a0\u00bb _builder_version=\u00a0\u00bb4.27.4&Prime; _module_preset=\u00a0\u00bbdefault\u00a0\u00bb custom_margin=\u00a0\u00bb||0px||false|false\u00a0\u00bb custom_margin_tablet=\u00a0\u00bb||0px||false|false\u00a0\u00bb custom_margin_phone=\u00a0\u00bb||0px||false|false\u00a0\u00bb custom_margin_last_edited=\u00a0\u00bbon|desktop\u00a0\u00bb custom_padding=\u00a0\u00bb||26px||false|false\u00a0\u00bb custom_padding_tablet=\u00a0\u00bb||26px||false|false\u00a0\u00bb custom_padding_phone=\u00a0\u00bb||26px||false|false\u00a0\u00bb custom_padding_last_edited=\u00a0\u00bbon|desktop\u00a0\u00bb global_colors_info=\u00a0\u00bb{}\u00a0\u00bb][\/dsm_embed_google_map][\/et_pb_column][\/et_pb_row][\/et_pb_section]<\/p>\n","protected":false},"excerpt":{"rendered":"<p>Chers clubs, dirigeants normands, Nous avons le plaisir de vous convier \u00e0 l\u2019Assembl\u00e9e G\u00e9n\u00e9rale Ordinaire de la Ligue de Normandie de Handball, qui se tiendra : \ud83d\udcc5 Le samedi 7 Juin\ud83d\udd58 \u00c0 partir de 12h45\ud83d\udccd INSA ROUEN &#8211; 685 Avenue de l&rsquo;Universit\u00e9, 76800 Saint-\u00c9tienne-Du-Rouvray \ud83d\udd0e Vous trouverez ci-dessous l\u2019ensemble des documents relatifs \u00e0 cette Assembl\u00e9e [&hellip;]<\/p>\n","protected":false},"author":1,"featured_media":0,"parent":0,"menu_order":0,"comment_status":"closed","ping_status":"closed","template":"","meta":{"_bbp_topic_count":0,"_bbp_reply_count":0,"_bbp_total_topic_count":0,"_bbp_total_reply_count":0,"_bbp_voice_count":0,"_bbp_anonymous_reply_count":0,"_bbp_topic_count_hidden":0,"_bbp_reply_count_hidden":0,"_bbp_forum_subforum_count":0,"_et_pb_use_builder":"on","_et_pb_old_content":"","_et_gb_content_width":"","footnotes":""},"class_list":["post-12209","page","type-page","status-publish","hentry"],"_links":{"self":[{"href":"https:\/\/www.handball-normandie.fr\/index.php\/wp-json\/wp\/v2\/pages\/12209","targetHints":{"allow":["GET"]}}],"collection":[{"href":"https:\/\/www.handball-normandie.fr\/index.php\/wp-json\/wp\/v2\/pages"}],"about":[{"href":"https:\/\/www.handball-normandie.fr\/index.php\/wp-json\/wp\/v2\/types\/page"}],"author":[{"embeddable":true,"href":"https:\/\/www.handball-normandie.fr\/index.php\/wp-json\/wp\/v2\/users\/1"}],"replies":[{"embeddable":true,"href":"https:\/\/www.handball-normandie.fr\/index.php\/wp-json\/wp\/v2\/comments?post=12209"}],"version-history":[{"count":15,"href":"https:\/\/www.handball-normandie.fr\/index.php\/wp-json\/wp\/v2\/pages\/12209\/revisions"}],"predecessor-version":[{"id":12276,"href":"https:\/\/www.handball-normandie.fr\/index.php\/wp-json\/wp\/v2\/pages\/12209\/revisions\/12276"}],"wp:attachment":[{"href":"https:\/\/www.handball-normandie.fr\/index.php\/wp-json\/wp\/v2\/media?parent=12209"}],"curies":[{"name":"wp","href":"https:\/\/api.w.org\/{rel}","templated":true}]}}