{"id":12066,"date":"2025-04-30T15:03:27","date_gmt":"2025-04-30T13:03:27","guid":{"rendered":"https:\/\/www.handball-normandie.fr\/?page_id=12066"},"modified":"2025-06-24T10:28:48","modified_gmt":"2025-06-24T08:28:48","slug":"tournoi-national-beach-normand-2025","status":"publish","type":"page","link":"https:\/\/www.handball-normandie.fr\/index.php\/tournoi-national-beach-normand-2025\/","title":{"rendered":"TOURNOI NATIONAL BEACH NORMAND 2025"},"content":{"rendered":"<p>[et_pb_section fb_built=\u00a0\u00bb1&Prime; _builder_version=\u00a0\u00bb4.27.4&Prime; _module_preset=\u00a0\u00bbdefault\u00a0\u00bb global_colors_info=\u00a0\u00bb{}\u00a0\u00bb][et_pb_row column_structure=\u00a0\u00bb2_5,3_5&Prime; _builder_version=\u00a0\u00bb4.27.4&Prime; _module_preset=\u00a0\u00bbdefault\u00a0\u00bb custom_margin=\u00a0\u00bb29px||41px||false|false\u00a0\u00bb global_colors_info=\u00a0\u00bb{}\u00a0\u00bb][et_pb_column type=\u00a0\u00bb2_5&Prime; _builder_version=\u00a0\u00bb4.27.4&Prime; _module_preset=\u00a0\u00bbdefault\u00a0\u00bb global_colors_info=\u00a0\u00bb{}\u00a0\u00bb][et_pb_image src=\u00a0\u00bbhttps:\/\/www.handball-normandie.fr\/wp-content\/uploads\/2025\/04\/Dossier-Convertio-2.webp\u00a0\u00bb alt=\u00a0\u00bbAFFICHE TOURNOI NATIONAL BEACH NORMAND &#8211; LNHB\u00a0\u00bb title_text=\u00a0\u00bbAFFICHE TOURNOI NATIONAL BEACH NORMAND\u00a0\u00bb _builder_version=\u00a0\u00bb4.27.4&Prime; _module_preset=\u00a0\u00bbdefault\u00a0\u00bb global_colors_info=\u00a0\u00bb{}\u00a0\u00bb][\/et_pb_image][\/et_pb_column][et_pb_column type=\u00a0\u00bb3_5&Prime; _builder_version=\u00a0\u00bb4.27.4&Prime; _module_preset=\u00a0\u00bbdefault\u00a0\u00bb global_colors_info=\u00a0\u00bb{}\u00a0\u00bb][et_pb_text _builder_version=\u00a0\u00bb4.27.4&Prime; _module_preset=\u00a0\u00bbdefault\u00a0\u00bb text_font=\u00a0\u00bbMontserrat||||||||\u00a0\u00bb hover_enabled=\u00a0\u00bb0&Prime; global_colors_info=\u00a0\u00bb{}\u00a0\u00bb sticky_enabled=\u00a0\u00bb0&Prime;]<\/p>\n<h1 style=\"text-align: center;\"><strong>\ud83c\udfd6\ufe0f\u00a0Tournoi National Beach Normand<\/strong> !<\/h1>\n<p>&nbsp;<\/p>\n<h4><span style=\"color: #000000;\">\ud83c\udf1e\ud83c\udfd6\ufe0f <strong>Tu l\u2019attendais ? Nous aussi !<\/strong><\/span><\/h4>\n<p><span style=\"color: #000000;\">L\u2019\u00e9t\u00e9 d\u00e9marre en beaut\u00e9, avec le grand retour de la 4\u1d49 \u00e9dition du <strong>Tournoi National Beach Normand<\/strong> ! \ud83d\udd25<\/span><\/p>\n<p><span style=\"color: #000000;\">Forme ton \u00e9quipe, prends ta cr\u00e8me solaire et viens profiter d\u2019une journ\u00e9e enti\u00e8rement <strong>d\u00e9di\u00e9e<\/strong> au Beach Handball, o\u00f9 tu pourras affronter des \u00e9quipes venues des quatre coins de la France !<\/span><\/p>\n<p><span style=\"color: #000000;\">Du jeu, du sable, du soleil, des rencontres, et surtout une ambiance conviviale comme on les aime !<\/span><\/p>\n<p><span style=\"color: #000000;\">\ud83d\udccd <strong>Rendez-vous le samedi 28 juin 2025<\/strong>, sur la <strong>plage de Deauville<\/strong>, pour une journ\u00e9e 100 % Beach Handball dans un cadre unique !<\/span><\/p>\n<p><span style=\"color: #000000;\">Que tu sois joueur ou joueuse <strong>aguerri(e)<\/strong> ou d\u00e9butant(e) dans le beach, ce tournoi est fait pour toi !<\/span><\/p>\n<p><span style=\"color: #000000;\">\ud83d\udccc <strong data-start=\"78\" data-end=\"116\">Inscription obligatoire et payante<\/strong><\/span><br data-start=\"116\" data-end=\"119\" \/><span style=\"color: #000000;\">Pour valider ton inscription, il te suffit de :<\/span><br data-start=\"166\" data-end=\"169\" \/><span style=\"color: #000000;\">1\ufe0f\u20e3 Remplir le formulaire disponible ci-dessous et l\u2019envoyer par mail \u00e0 :<\/span><br data-start=\"242\" data-end=\"245\" data-is-only-node=\"\" \/><span style=\"color: #000000;\">\ud83d\udce7 <a data-start=\"248\" data-end=\"277\" rel=\"noopener\" style=\"color: #000000;\">5900000.lharle@ffhandball.net<\/a><\/span><br data-start=\"277\" data-end=\"280\" \/><span style=\"color: #000000;\">2\ufe0f\u20e3 Effectuer le r\u00e8glement via le lien indiqu\u00e9 juste en dessous.<\/span><\/p>\n<article class=\"text-token-text-primary w-full\" dir=\"auto\" data-testid=\"conversation-turn-294\" data-scroll-anchor=\"true\">\n<div class=\"text-base my-auto mx-auto py-5 [--thread-content-margin:--spacing(4)] @[37rem]:[--thread-content-margin:--spacing(6)] @[72rem]:[--thread-content-margin:--spacing(16)] px-(--thread-content-margin)\">\n<div class=\"[--thread-content-max-width:32rem] @[34rem]:[--thread-content-max-width:40rem] @[64rem]:[--thread-content-max-width:48rem] mx-auto flex max-w-(--thread-content-max-width) flex-1 text-base gap-4 md:gap-5 lg:gap-6 group\/turn-messages focus-visible:outline-hidden\" tabindex=\"-1\">\n<div class=\"group\/conversation-turn relative flex w-full min-w-0 flex-col agent-turn\">\n<div class=\"relative flex-col gap-1 md:gap-3\">\n<div class=\"flex max-w-full flex-col grow\">\n<div data-message-author-role=\"assistant\" data-message-id=\"dfe06938-4fd9-47b5-a3be-7fe536029712\" dir=\"auto\" class=\"min-h-8 text-message relative flex w-full flex-col items-end gap-2 text-start break-words whitespace-normal [.text-message+&amp;]:mt-5\" data-message-model-slug=\"gpt-4o\">\n<div class=\"flex w-full flex-col gap-1 empty:hidden first:pt-[3px]\">\n<div class=\"markdown prose dark:prose-invert w-full break-words light\">\n<p data-start=\"0\" data-end=\"47\" data-is-last-node=\"\" data-is-only-node=\"\" style=\"text-align: center;\"><span style=\"color: #000000;\"><strong data-start=\"22\" data-end=\"47\" data-is-last-node=\"\">INSCRIPTIONS CLOSES<\/strong><\/span><\/p>\n<\/div>\n<\/div>\n<\/div>\n<\/div>\n<\/div>\n<\/div>\n<\/div>\n<\/div>\n<\/article>\n<p><!-- notionvc: 06ba097f-f308-4c19-8489-a9ba31468869 --><\/p>\n<p>[\/et_pb_text][et_pb_button button_url=\u00a0\u00bbhttps:\/\/www.handball-normandie.fr\/wp-content\/uploads\/2025\/05\/Inscription-Tournoi-Beach-Normand-Juin-2025.pdf\u00a0\u00bb button_text=\u00a0\u00bbFORMULAIRE INSCRIPTION\u00a0\u00bb button_alignment=\u00a0\u00bbcenter\u00a0\u00bb _builder_version=\u00a0\u00bb4.27.4&Prime; _module_preset=\u00a0\u00bbdefault\u00a0\u00bb custom_button=\u00a0\u00bbon\u00a0\u00bb button_text_size=\u00a0\u00bb14px\u00a0\u00bb button_text_color=\u00a0\u00bb#FFFFFF\u00a0\u00bb button_bg_color=\u00a0\u00bb#ff8b01&Prime; button_border_width=\u00a0\u00bb1px\u00a0\u00bb button_border_color=\u00a0\u00bbRGBA(255,255,255,0)\u00a0\u00bb button_border_radius=\u00a0\u00bb11px\u00a0\u00bb button_letter_spacing=\u00a0\u00bb0px\u00a0\u00bb button_font=\u00a0\u00bbMontserrat|500|||||||\u00a0\u00bb global_colors_info=\u00a0\u00bb{}\u00a0\u00bb][\/et_pb_button][et_pb_button button_url=\u00a0\u00bbhttps:\/\/www.helloasso.com\/associations\/ligue-de-normandie-de-handball\/evenements\/tournoi-beach-normand-deauville-samedi-28-juin-2025&Prime; button_text=\u00a0\u00bbPAIEMENT INSCRIPTION\u00a0\u00bb button_alignment=\u00a0\u00bbcenter\u00a0\u00bb _builder_version=\u00a0\u00bb4.27.4&Prime; _module_preset=\u00a0\u00bbdefault\u00a0\u00bb custom_button=\u00a0\u00bbon\u00a0\u00bb button_text_size=\u00a0\u00bb14px\u00a0\u00bb button_text_color=\u00a0\u00bb#FFFFFF\u00a0\u00bb button_bg_color=\u00a0\u00bb#ff8b01&Prime; button_border_width=\u00a0\u00bb1px\u00a0\u00bb button_border_color=\u00a0\u00bbRGBA(255,255,255,0)\u00a0\u00bb button_border_radius=\u00a0\u00bb11px\u00a0\u00bb button_letter_spacing=\u00a0\u00bb0px\u00a0\u00bb button_font=\u00a0\u00bbMontserrat|500|||||||\u00a0\u00bb custom_margin=\u00a0\u00bb-26px||||false|false\u00a0\u00bb global_colors_info=\u00a0\u00bb{}\u00a0\u00bb][\/et_pb_button][\/et_pb_column][\/et_pb_row][\/et_pb_section]<\/p>\n","protected":false},"excerpt":{"rendered":"<p>\ud83c\udfd6\ufe0f\u00a0Tournoi National Beach Normand ! &nbsp; \ud83c\udf1e\ud83c\udfd6\ufe0f Tu l\u2019attendais ? Nous aussi ! L\u2019\u00e9t\u00e9 d\u00e9marre en beaut\u00e9, avec le grand retour de la 4\u1d49 \u00e9dition du Tournoi National Beach Normand ! \ud83d\udd25 Forme ton \u00e9quipe, prends ta cr\u00e8me solaire et viens profiter d\u2019une journ\u00e9e enti\u00e8rement d\u00e9di\u00e9e au Beach Handball, o\u00f9 tu pourras affronter des \u00e9quipes [&hellip;]<\/p>\n","protected":false},"author":1,"featured_media":0,"parent":0,"menu_order":0,"comment_status":"closed","ping_status":"closed","template":"","meta":{"_bbp_topic_count":0,"_bbp_reply_count":0,"_bbp_total_topic_count":0,"_bbp_total_reply_count":0,"_bbp_voice_count":0,"_bbp_anonymous_reply_count":0,"_bbp_topic_count_hidden":0,"_bbp_reply_count_hidden":0,"_bbp_forum_subforum_count":0,"_et_pb_use_builder":"on","_et_pb_old_content":"","_et_gb_content_width":"","footnotes":""},"class_list":["post-12066","page","type-page","status-publish","hentry"],"_links":{"self":[{"href":"https:\/\/www.handball-normandie.fr\/index.php\/wp-json\/wp\/v2\/pages\/12066","targetHints":{"allow":["GET"]}}],"collection":[{"href":"https:\/\/www.handball-normandie.fr\/index.php\/wp-json\/wp\/v2\/pages"}],"about":[{"href":"https:\/\/www.handball-normandie.fr\/index.php\/wp-json\/wp\/v2\/types\/page"}],"author":[{"embeddable":true,"href":"https:\/\/www.handball-normandie.fr\/index.php\/wp-json\/wp\/v2\/users\/1"}],"replies":[{"embeddable":true,"href":"https:\/\/www.handball-normandie.fr\/index.php\/wp-json\/wp\/v2\/comments?post=12066"}],"version-history":[{"count":6,"href":"https:\/\/www.handball-normandie.fr\/index.php\/wp-json\/wp\/v2\/pages\/12066\/revisions"}],"predecessor-version":[{"id":12299,"href":"https:\/\/www.handball-normandie.fr\/index.php\/wp-json\/wp\/v2\/pages\/12066\/revisions\/12299"}],"wp:attachment":[{"href":"https:\/\/www.handball-normandie.fr\/index.php\/wp-json\/wp\/v2\/media?parent=12066"}],"curies":[{"name":"wp","href":"https:\/\/api.w.org\/{rel}","templated":true}]}}